{"id":616,"date":"2018-08-15T18:08:51","date_gmt":"2018-08-15T18:08:51","guid":{"rendered":"http:\/\/192.168.1.3\/wp\/kordex\/?page_id=616"},"modified":"2026-03-16T19:23:25","modified_gmt":"2026-03-16T18:23:25","slug":"psicoterapia","status":"publish","type":"page","link":"https:\/\/kairospsicoterapia.com\/en\/psicoterapia\/","title":{"rendered":"Psicoterapia"},"content":{"rendered":"<div data-elementor-type=\"wp-post\" data-elementor-id=\"616\" class=\"elementor elementor-616\">\n\t\t\t\t\t\t<section class=\"elementor-section elementor-top-section elementor-element elementor-element-361f3b8 elementor-section-boxed elementor-section-height-default elementor-section-height-default\" data-id=\"361f3b8\" data-element_type=\"section\" data-e-type=\"section\" data-settings=\"{&quot;background_background&quot;:&quot;classic&quot;}\">\n\t\t\t\t\t\t\t<div class=\"elementor-background-overlay\"><\/div>\n\t\t\t\t\t\t\t<div class=\"elementor-container elementor-column-gap-default\">\n\t\t\t\t\t<div class=\"elementor-column elementor-col-100 elementor-top-column elementor-element elementor-element-7ae11c9\" data-id=\"7ae11c9\" data-element_type=\"column\" data-e-type=\"column\">\n\t\t\t<div class=\"elementor-widget-wrap elementor-element-populated\">\n\t\t\t\t\t\t<div class=\"elementor-element elementor-element-1597f408 section-align-center section-size-large subtitle-style-default elementor-widget elementor-widget-section-heading\" data-id=\"1597f408\" data-element_type=\"widget\" data-e-type=\"widget\" data-widget_type=\"section-heading.default\">\n\t\t\t\t<div class=\"elementor-widget-container\">\n\t\t\t\t\t<div class=\"section-heading headingstyle-subtitle\"><h5 class=\"entry-sub-title section-sub-title\">\u00c1REAS DE TRABAJO<\/h5><div class=\"section-title-wrapper\"><h2 class=\"entry-title section-title\">PSICOTERAPIA<\/h2><\/div><div class=\"section-description clearfix\"><div class=\"section-description-inner\"><p><img decoding=\"async\" class=\"wp-image-2605 aligncenter\" src=\"http:\/\/kairospsicoterapia.com\/wp-content\/uploads\/2021\/07\/PSICOTERAPIA-150-300x300.png\" alt=\"\" width=\"145\" height=\"145\" srcset=\"https:\/\/kairospsicoterapia.com\/wp-content\/uploads\/2021\/07\/PSICOTERAPIA-150-300x300.png 300w, https:\/\/kairospsicoterapia.com\/wp-content\/uploads\/2021\/07\/PSICOTERAPIA-150-150x150.png 150w, https:\/\/kairospsicoterapia.com\/wp-content\/uploads\/2021\/07\/PSICOTERAPIA-150-160x160.png 160w, https:\/\/kairospsicoterapia.com\/wp-content\/uploads\/2021\/07\/PSICOTERAPIA-150-100x100.png 100w, https:\/\/kairospsicoterapia.com\/wp-content\/uploads\/2021\/07\/PSICOTERAPIA-150.png 417w\" sizes=\"(max-width: 145px) 100vw, 145px\" \/><\/p>\n<\/div><\/div><\/div>\t\t\t\t<\/div>\n\t\t\t\t<\/div>\n\t\t\t\t<div class=\"elementor-element elementor-element-d1878a3 elementor-widget elementor-widget-spacer\" data-id=\"d1878a3\" data-element_type=\"widget\" data-e-type=\"widget\" data-widget_type=\"spacer.default\">\n\t\t\t\t<div class=\"elementor-widget-container\">\n\t\t\t\t\t\t\t<div class=\"elementor-spacer\">\n\t\t\t<div class=\"elementor-spacer-inner\"><\/div>\n\t\t<\/div>\n\t\t\t\t\t\t<\/div>\n\t\t\t\t<\/div>\n\t\t\t\t\t<\/div>\n\t\t<\/div>\n\t\t\t\t\t<\/div>\n\t\t<\/section>\n\t\t\t\t<section class=\"elementor-section elementor-top-section elementor-element elementor-element-631178d elementor-section-full_width elementor-section-height-default elementor-section-height-default\" data-id=\"631178d\" data-element_type=\"section\" data-e-type=\"section\" data-settings=\"{&quot;background_background&quot;:&quot;classic&quot;}\">\n\t\t\t\t\t\t\t<div class=\"elementor-background-overlay\"><\/div>\n\t\t\t\t\t\t\t<div class=\"elementor-container elementor-column-gap-no\">\n\t\t\t\t\t<div class=\"elementor-column elementor-col-50 elementor-top-column elementor-element elementor-element-7ea6a1e\" data-id=\"7ea6a1e\" data-element_type=\"column\" data-e-type=\"column\" data-settings=\"{&quot;background_background&quot;:&quot;classic&quot;}\">\n\t\t\t<div class=\"elementor-widget-wrap elementor-element-populated\">\n\t\t\t\t\t\t<div class=\"elementor-element elementor-element-7771f70 elementor-widget elementor-widget-heading\" data-id=\"7771f70\" data-element_type=\"widget\" data-e-type=\"widget\" data-widget_type=\"heading.default\">\n\t\t\t\t<div class=\"elementor-widget-container\">\n\t\t\t\t\t<h2 class=\"elementor-heading-title elementor-size-default\">Individual<\/h2>\t\t\t\t<\/div>\n\t\t\t\t<\/div>\n\t\t\t\t<div class=\"elementor-element elementor-element-3956017 elementor-widget elementor-widget-text-editor\" data-id=\"3956017\" data-element_type=\"widget\" data-e-type=\"widget\" data-widget_type=\"text-editor.default\">\n\t\t\t\t<div class=\"elementor-widget-container\">\n\t\t\t\t\t\t\t\t\t<p style=\"text-align: right;\"><strong>Trabajo en psicoterapia individual con personas adultas. Construimos un espacio seguro, de total privacidad y confidencialidad, desde el que podemos explorar y buscar soluciones a aquello que te preocupa.<\/strong><\/p><p style=\"text-align: right;\"><strong>Hay muchas razones que nos pueden llevar a iniciar un proceso de terapia: puede ser la aparici\u00f3n de s\u00edntomas como la ansiedad, la depresi\u00f3n, fobias o temores, dificultades en la alimentaci\u00f3n o la sensaci\u00f3n de desbordamiento emocional, entre otros muchos. Tambi\u00e9n pueden ser conflictos relacionales o personales, como la dificultad para poner l\u00edmites, la vivencia de baja autoestima, la experiencia de soledad, dificultades para iniciar, mantener o finalizar relaciones sociales, etc. A veces son crisis vitales, como duelos, rupturas o momentos de cambio y en ocasiones, no sabemos exactamente qu\u00e9 pasa, pero nos encontramos fatal.<\/strong><\/p>\t\t\t\t\t\t\t\t<\/div>\n\t\t\t\t<\/div>\n\t\t\t\t\t<\/div>\n\t\t<\/div>\n\t\t\t\t<div class=\"elementor-column elementor-col-50 elementor-top-column elementor-element elementor-element-6a2c234\" data-id=\"6a2c234\" data-element_type=\"column\" data-e-type=\"column\" data-settings=\"{&quot;background_background&quot;:&quot;classic&quot;}\">\n\t\t\t<div class=\"elementor-widget-wrap elementor-element-populated\">\n\t\t\t\t\t\t<div class=\"elementor-element elementor-element-f5f7265 elementor-widget elementor-widget-spacer\" data-id=\"f5f7265\" data-element_type=\"widget\" data-e-type=\"widget\" data-widget_type=\"spacer.default\">\n\t\t\t\t<div class=\"elementor-widget-container\">\n\t\t\t\t\t\t\t<div class=\"elementor-spacer\">\n\t\t\t<div class=\"elementor-spacer-inner\"><\/div>\n\t\t<\/div>\n\t\t\t\t\t\t<\/div>\n\t\t\t\t<\/div>\n\t\t\t\t\t<\/div>\n\t\t<\/div>\n\t\t\t\t\t<\/div>\n\t\t<\/section>\n\t\t\t\t<section class=\"elementor-section elementor-top-section elementor-element elementor-element-2ff02d90 elementor-section-full_width elementor-section-height-default elementor-section-height-default\" data-id=\"2ff02d90\" data-element_type=\"section\" data-e-type=\"section\" data-settings=\"{&quot;background_background&quot;:&quot;gradient&quot;}\">\n\t\t\t\t\t\t<div class=\"elementor-container elementor-column-gap-no\">\n\t\t\t\t\t<div class=\"elementor-column elementor-col-50 elementor-top-column elementor-element elementor-element-37a55565\" data-id=\"37a55565\" data-element_type=\"column\" data-e-type=\"column\" data-settings=\"{&quot;background_background&quot;:&quot;classic&quot;}\">\n\t\t\t<div class=\"elementor-widget-wrap elementor-element-populated\">\n\t\t\t\t\t\t<div class=\"elementor-element elementor-element-1f262bd elementor-widget elementor-widget-spacer\" data-id=\"1f262bd\" data-element_type=\"widget\" data-e-type=\"widget\" data-widget_type=\"spacer.default\">\n\t\t\t\t<div class=\"elementor-widget-container\">\n\t\t\t\t\t\t\t<div class=\"elementor-spacer\">\n\t\t\t<div class=\"elementor-spacer-inner\"><\/div>\n\t\t<\/div>\n\t\t\t\t\t\t<\/div>\n\t\t\t\t<\/div>\n\t\t\t\t\t<\/div>\n\t\t<\/div>\n\t\t\t\t<div class=\"elementor-column elementor-col-50 elementor-top-column elementor-element elementor-element-176736bf\" data-id=\"176736bf\" data-element_type=\"column\" data-e-type=\"column\" data-settings=\"{&quot;background_background&quot;:&quot;classic&quot;}\">\n\t\t\t<div class=\"elementor-widget-wrap elementor-element-populated\">\n\t\t\t\t\t\t<div class=\"elementor-element elementor-element-d6debfd elementor-widget elementor-widget-heading\" data-id=\"d6debfd\" data-element_type=\"widget\" data-e-type=\"widget\" data-widget_type=\"heading.default\">\n\t\t\t\t<div class=\"elementor-widget-container\">\n\t\t\t\t\t<h2 class=\"elementor-heading-title elementor-size-default\">LGTBIQA+<\/h2>\t\t\t\t<\/div>\n\t\t\t\t<\/div>\n\t\t\t\t<div class=\"elementor-element elementor-element-bbcdd9d elementor-widget elementor-widget-text-editor\" data-id=\"bbcdd9d\" data-element_type=\"widget\" data-e-type=\"widget\" data-widget_type=\"text-editor.default\">\n\t\t\t\t<div class=\"elementor-widget-container\">\n\t\t\t\t\t\t\t\t\t<p data-start=\"137\" data-end=\"537\">Si eres una persona LGTBIQA+, es posible que est\u00e9s atravesando dificultades relacionadas con la <strong data-start=\"233\" data-end=\"251\">autoaceptaci\u00f3n<\/strong>, la <strong data-start=\"256\" data-end=\"278\">orientaci\u00f3n sexual<\/strong>, la <strong data-start=\"283\" data-end=\"306\">identidad de g\u00e9nero<\/strong> o el impacto de experiencias de <strong data-start=\"339\" data-end=\"388\">rechazo, discriminaci\u00f3n, violencia o bullying<\/strong>. A veces, estas vivencias generan malestar emocional, ansiedad, tristeza, inseguridad o dificultades en los v\u00ednculos y en la relaci\u00f3n con une misme.<\/p><p data-start=\"539\" data-end=\"810\">Trabajo en <strong data-start=\"547\" data-end=\"586\">psicoterapia para personas LGTBIQA+<\/strong> desde una mirada afirmativa, cuidadosa y libre de juicios. Este espacio puede ayudarte tanto si tienes claro qui\u00e9n eres como si necesitas explorar dudas sobre tu identidad o tu orientaci\u00f3n en un entorno seguro y respetuoso.<\/p><p data-start=\"812\" data-end=\"1139\">La <strong data-start=\"815\" data-end=\"835\">terapia LGTBIQA+<\/strong> puede ser un lugar desde el que comprender lo que te ocurre, elaborar experiencias dolorosas y construir una forma m\u00e1s habitable de relacionarte contigo y con tu entorno.\u00a0<\/p>\t\t\t\t\t\t\t\t<\/div>\n\t\t\t\t<\/div>\n\t\t\t\t\t<\/div>\n\t\t<\/div>\n\t\t\t\t\t<\/div>\n\t\t<\/section>\n\t\t\t\t<section class=\"elementor-section elementor-top-section elementor-element elementor-element-07a4284 elementor-section-boxed elementor-section-height-default elementor-section-height-default\" data-id=\"07a4284\" data-element_type=\"section\" data-e-type=\"section\" data-settings=\"{&quot;background_background&quot;:&quot;classic&quot;}\">\n\t\t\t\t\t\t<div class=\"elementor-container elementor-column-gap-default\">\n\t\t\t\t\t<div class=\"elementor-column elementor-col-100 elementor-top-column elementor-element elementor-element-579821c\" data-id=\"579821c\" data-element_type=\"column\" data-e-type=\"column\" data-settings=\"{&quot;background_background&quot;:&quot;classic&quot;}\">\n\t\t\t<div class=\"elementor-widget-wrap elementor-element-populated\">\n\t\t\t\t\t\t<div class=\"elementor-element elementor-element-8c631b9 section-align-center section-size-large subtitle-style-default elementor-widget elementor-widget-section-heading\" data-id=\"8c631b9\" data-element_type=\"widget\" data-e-type=\"widget\" data-widget_type=\"section-heading.default\">\n\t\t\t\t<div class=\"elementor-widget-container\">\n\t\t\t\t\t<div class=\"section-heading headingstyle-subtitle\"><div class=\"section-title-wrapper\"><h2 class=\"entry-title section-title\"><\/h2><\/div><div class=\"section-description clearfix\"><div class=\"section-description-inner\"><p>Para saber d\u00f3nde ir, primero es importante saber d\u00f3nde est\u00e1s; primero averig\u00fcemos esto y despu\u00e9s, seguimos caminando.<\/p><\/p>\n<\/div><\/div><div class=\"section-button\"><a  href=\"\/en\/contacto\/\"><div class=\"mtheme-button\">\u00a1Preg\u00fantame! <\/div><\/a><\/div><\/div>\t\t\t\t<\/div>\n\t\t\t\t<\/div>\n\t\t\t\t\t<\/div>\n\t\t<\/div>\n\t\t\t\t\t<\/div>\n\t\t<\/section>\n\t\t\t\t<\/div>","protected":false},"excerpt":{"rendered":"<p>\u00c1REAS DE TRABAJO PSICOTERAPIA Individual Trabajo en psicoterapia individual con personas adultas. Construimos un espacio seguro, de total privacidad y confidencialidad, desde el que podemos explorar y buscar soluciones a aquello que te preocupa. Hay muchas razones que nos pueden llevar a iniciar un proceso de terapia: puede ser la aparici\u00f3n de s\u00edntomas como la ansiedad, la depresi\u00f3n, fobias o temores, dificultades en la alimentaci\u00f3n o la sensaci\u00f3n de desbordamiento emocional, entre otros muchos. Tambi\u00e9n pueden ser conflictos relacionales o [&hellip;]<\/p>\n","protected":false},"author":1,"featured_media":0,"parent":0,"menu_order":0,"comment_status":"closed","ping_status":"closed","template":"","meta":{"footnotes":""},"class_list":["post-616","page","type-page","status-publish","hentry"],"_links":{"self":[{"href":"https:\/\/kairospsicoterapia.com\/en\/wp-json\/wp\/v2\/pages\/616","targetHints":{"allow":["GET"]}}],"collection":[{"href":"https:\/\/kairospsicoterapia.com\/en\/wp-json\/wp\/v2\/pages"}],"about":[{"href":"https:\/\/kairospsicoterapia.com\/en\/wp-json\/wp\/v2\/types\/page"}],"author":[{"embeddable":true,"href":"https:\/\/kairospsicoterapia.com\/en\/wp-json\/wp\/v2\/users\/1"}],"replies":[{"embeddable":true,"href":"https:\/\/kairospsicoterapia.com\/en\/wp-json\/wp\/v2\/comments?post=616"}],"version-history":[{"count":73,"href":"https:\/\/kairospsicoterapia.com\/en\/wp-json\/wp\/v2\/pages\/616\/revisions"}],"predecessor-version":[{"id":3651,"href":"https:\/\/kairospsicoterapia.com\/en\/wp-json\/wp\/v2\/pages\/616\/revisions\/3651"}],"wp:attachment":[{"href":"https:\/\/kairospsicoterapia.com\/en\/wp-json\/wp\/v2\/media?parent=616"}],"curies":[{"name":"wp","href":"https:\/\/api.w.org\/{rel}","templated":true}]}}