{"id":3456,"date":"2021-08-04T00:29:45","date_gmt":"2021-08-03T22:29:45","guid":{"rendered":"https:\/\/kairospsicoterapia.com\/?page_id=3456"},"modified":"2021-09-28T17:55:15","modified_gmt":"2021-09-28T15:55:15","slug":"politica-de-cookies","status":"publish","type":"page","link":"https:\/\/kairospsicoterapia.com\/en\/politica-de-cookies\/","title":{"rendered":"Pol\u00edtica de cookies"},"content":{"rendered":"<div data-elementor-type=\"wp-page\" data-elementor-id=\"3456\" class=\"elementor elementor-3456\">\n\t\t\t\t\t\t<section class=\"elementor-section elementor-top-section elementor-element elementor-element-e82f02d elementor-section-boxed elementor-section-height-default elementor-section-height-default\" data-id=\"e82f02d\" data-element_type=\"section\" data-e-type=\"section\">\n\t\t\t\t\t\t<div class=\"elementor-container elementor-column-gap-default\">\n\t\t\t\t\t<div class=\"elementor-column elementor-col-100 elementor-top-column elementor-element elementor-element-2a21fba5\" data-id=\"2a21fba5\" data-element_type=\"column\" data-e-type=\"column\">\n\t\t\t<div class=\"elementor-widget-wrap elementor-element-populated\">\n\t\t\t\t\t\t<div class=\"elementor-element elementor-element-5421c9cd elementor-widget elementor-widget-heading\" data-id=\"5421c9cd\" data-element_type=\"widget\" data-e-type=\"widget\" data-widget_type=\"heading.default\">\n\t\t\t\t<div class=\"elementor-widget-container\">\n\t\t\t\t\t<h2 class=\"elementor-heading-title elementor-size-default\">Pol\u00edtica de cookies<\/h2>\t\t\t\t<\/div>\n\t\t\t\t<\/div>\n\t\t\t\t<div class=\"elementor-element elementor-element-243a6ea8 elementor-widget elementor-widget-text-editor\" data-id=\"243a6ea8\" data-element_type=\"widget\" data-e-type=\"widget\" data-widget_type=\"text-editor.default\">\n\t\t\t\t<div class=\"elementor-widget-container\">\n\t\t\t\t\t\t\t\t\t<h4><strong>\u00bfQU\u00c9 SON LAS COOKIES?<\/strong><strong>\u00a0<\/strong><\/h4><p>Una cookie es un peque\u00f1o archivo que se descarga en su ordenador al acceder a determinadas p\u00e1ginas web. Las cookies permiten a una p\u00e1gina web, entre otras cosas, almacenar y recuperar informaci\u00f3n sobre sus h\u00e1bitos de navegaci\u00f3n o de su equipo y, dependiendo de la informaci\u00f3n que contengan y de la forma en que utilice su equipo, pueden emplearse para identificarle.<\/p><p>Este sitio web \u00fanicamente utiliza cookies propias con finalidad t\u00e9cnica que permiten el funcionamiento y la prestaci\u00f3n de los servicios ofrecidos en el mismo, no recaba ni cede datos de car\u00e1cter personal de los usuarios sin su conocimiento.<\/p><h4><strong>TIPOS DE COOKIES SEG\u00daN SU FINALIDAD QUE UTILIZA ESTE SITIO WEB<\/strong><\/h4><ul><li><strong>Cookies t\u00e9cnicas:\u00a0<\/strong>Son aqu\u00e9llas que permiten al usuario la navegaci\u00f3n a trav\u00e9s de una p\u00e1gina web, plataforma o aplicaci\u00f3n y la utilizaci\u00f3n de las diferentes opciones o servicios que en ella existan como, por ejemplo, controlar el tr\u00e1fico y la comunicaci\u00f3n de datos, identificar la sesi\u00f3n, acceder a partes de acceso restringido, recordar los elementos que integran un pedido, realizar el proceso de compra de un pedido, realizar la solicitud de inscripci\u00f3n o participaci\u00f3n en un evento, utilizar elementos de seguridad durante la navegaci\u00f3n, almacenar contenidos para la difusi\u00f3n de videos o sonido o compartir contenidos a trav\u00e9s de redes sociales.<\/li><\/ul><p>Este sitio web no utiliza cookies para recoger informaci\u00f3n de los usuarios, ni registra las direcciones IP de acceso. \u00danicamente se utilizan cookies propias, de sesi\u00f3n, con finalidad t\u00e9cnica (aquellas que permiten al usuario la navegaci\u00f3n a trav\u00e9s del sitio web y la utilizaci\u00f3n de las diferentes opciones y servicios que en ella existen).<\/p><p>El portal del que es titular esta entidad contiene enlaces a sitios web de terceros, cuyas pol\u00edticas de privacidad son ajenas a la misma. Al acceder a tales sitios web usted puede decidir si acepta sus pol\u00edticas de privacidad y de cookies. Con car\u00e1cter general, si navega por internet usted puede aceptar o rechazar las cookies de terceros desde las opciones de configuraci\u00f3n de su navegador.<\/p><h4>Cookies utilizadas en este sitio web<\/h4><p>Siguiendo las directrices de la Agencia Espa\u00f1ola de Protecci\u00f3n de Datos procedemos a detallar el uso de cookies que hace esta web con el fin de informarle con la m\u00e1xima exactitud posible.<\/p><figure class=\"wp-block-table\"><table><thead><tr><th>COOKIE<\/th><th>DURACI\u00d3N<\/th><th>DESCRIPCI\u00d3N<\/th><\/tr><\/thead><tbody><tr><td>cookielawinfo-checbox-analytics<\/td><td>11 meses<\/td><td>Esta cookie est\u00e1 configurada por el complemento de consentimiento de cookies de GDPR. La cookie se utiliza para almacenar el consentimiento del usuario para las cookies en la categor\u00eda \u201cAn\u00e1lisis\u201d.<\/td><\/tr><tr><td>cookielawinfo-checbox-functional<\/td><td>11 meses<\/td><td>La cookie est\u00e1 configurada por el consentimiento de cookies de GDPR para registrar el consentimiento del usuario para las cookies en la categor\u00eda \u201cFuncional\u201d.<\/td><\/tr><tr><td>cookielawinfo-checbox-others<\/td><td>11 meses<\/td><td>Esta cookie est\u00e1 configurada por el complemento de consentimiento de cookies de GDPR. La cookie se utiliza para almacenar el consentimiento del usuario para las cookies en la categor\u00eda \u201cOtro\u201d.<\/td><\/tr><tr><td>cookielawinfo-checkbox-necessary<\/td><td>11 meses<\/td><td>Esta cookie est\u00e1 configurada por el complemento de consentimiento de cookies de GDPR. Las cookies se utilizan para almacenar el consentimiento del usuario para las cookies en la categor\u00eda \u201cNecesarias\u201d.<\/td><\/tr><tr><td>cookielawinfo-checkbox-performance<\/td><td>11 meses<\/td><td>Esta cookie est\u00e1 configurada por el complemento de consentimiento de cookies de GDPR. La cookie se utiliza para almacenar el consentimiento del usuario para las cookies en la categor\u00eda \u201cRendimiento\u201d.<\/td><\/tr><tr><td>viewed_cookie_policy<\/td><td>11 meses<\/td><td>La cookie est\u00e1 configurada por el complemento de consentimiento de cookies de GDPR y se utiliza para almacenar si el usuario ha dado su consentimiento o no para el uso de cookies. No almacena ning\u00fan dato personal.<\/td><\/tr><tr><td>wordpress_<\/td><td>1 a\u00f1o<\/td><td>Se activa durante el login y guarda los detalles de autentificaci\u00f3n.<\/td><\/tr><tr><td>wordpress_logged_in_<\/td><td>1 a\u00f1o<\/td><td>Se activa durante el login y guarda los detalles de autentificaci\u00f3n.<\/td><\/tr><tr><td>wp-settings-<\/td><td>1 a\u00f1o<\/td><td>Sirve para personalizar la Interfaz de Usuario.<\/td><\/tr><tr><td>wp-settings-time<\/td><td>Finalizaci\u00f3n sesi\u00f3n<\/td><td>Sirve para personalizar la Interfaz de Usuario.<\/td><\/tr><\/tbody><\/table><\/figure><p>Algunas cookies son esenciales para el funcionamiento del sitio.<\/p>\t\t\t\t\t\t\t\t<\/div>\n\t\t\t\t<\/div>\n\t\t\t\t\t<\/div>\n\t\t<\/div>\n\t\t\t\t\t<\/div>\n\t\t<\/section>\n\t\t\t\t<\/div>","protected":false},"excerpt":{"rendered":"<p>Pol\u00edtica de cookies \u00bfQU\u00c9 SON LAS COOKIES?\u00a0 Una cookie es un peque\u00f1o archivo que se descarga en su ordenador al acceder a determinadas p\u00e1ginas web. Las cookies permiten a una p\u00e1gina web, entre otras cosas, almacenar y recuperar informaci\u00f3n sobre sus h\u00e1bitos de navegaci\u00f3n o de su equipo y, dependiendo de la informaci\u00f3n que contengan y de la forma en que utilice su equipo, pueden emplearse para identificarle. Este sitio web \u00fanicamente utiliza cookies propias con finalidad t\u00e9cnica que permiten [&hellip;]<\/p>\n","protected":false},"author":1,"featured_media":0,"parent":0,"menu_order":0,"comment_status":"closed","ping_status":"closed","template":"","meta":{"footnotes":""},"class_list":["post-3456","page","type-page","status-publish","hentry"],"_links":{"self":[{"href":"https:\/\/kairospsicoterapia.com\/en\/wp-json\/wp\/v2\/pages\/3456","targetHints":{"allow":["GET"]}}],"collection":[{"href":"https:\/\/kairospsicoterapia.com\/en\/wp-json\/wp\/v2\/pages"}],"about":[{"href":"https:\/\/kairospsicoterapia.com\/en\/wp-json\/wp\/v2\/types\/page"}],"author":[{"embeddable":true,"href":"https:\/\/kairospsicoterapia.com\/en\/wp-json\/wp\/v2\/users\/1"}],"replies":[{"embeddable":true,"href":"https:\/\/kairospsicoterapia.com\/en\/wp-json\/wp\/v2\/comments?post=3456"}],"version-history":[{"count":7,"href":"https:\/\/kairospsicoterapia.com\/en\/wp-json\/wp\/v2\/pages\/3456\/revisions"}],"predecessor-version":[{"id":3484,"href":"https:\/\/kairospsicoterapia.com\/en\/wp-json\/wp\/v2\/pages\/3456\/revisions\/3484"}],"wp:attachment":[{"href":"https:\/\/kairospsicoterapia.com\/en\/wp-json\/wp\/v2\/media?parent=3456"}],"curies":[{"name":"wp","href":"https:\/\/api.w.org\/{rel}","templated":true}]}}