{"id":3430,"date":"2021-08-04T00:09:53","date_gmt":"2021-08-03T22:09:53","guid":{"rendered":"https:\/\/kairospsicoterapia.com\/?page_id=3430"},"modified":"2021-09-28T17:08:04","modified_gmt":"2021-09-28T15:08:04","slug":"aviso-legal","status":"publish","type":"page","link":"https:\/\/kairospsicoterapia.com\/en\/aviso-legal\/","title":{"rendered":"Aviso legal"},"content":{"rendered":"<div data-elementor-type=\"wp-page\" data-elementor-id=\"3430\" class=\"elementor elementor-3430\">\n\t\t\t\t\t\t<section class=\"elementor-section elementor-top-section elementor-element elementor-element-233a4bb elementor-section-boxed elementor-section-height-default elementor-section-height-default\" data-id=\"233a4bb\" data-element_type=\"section\" data-e-type=\"section\">\n\t\t\t\t\t\t<div class=\"elementor-container elementor-column-gap-default\">\n\t\t\t\t\t<div class=\"elementor-column elementor-col-100 elementor-top-column elementor-element elementor-element-94b71ab\" data-id=\"94b71ab\" data-element_type=\"column\" data-e-type=\"column\">\n\t\t\t<div class=\"elementor-widget-wrap elementor-element-populated\">\n\t\t\t\t\t\t<div class=\"elementor-element elementor-element-3b1af8d elementor-widget elementor-widget-heading\" data-id=\"3b1af8d\" data-element_type=\"widget\" data-e-type=\"widget\" data-widget_type=\"heading.default\">\n\t\t\t\t<div class=\"elementor-widget-container\">\n\t\t\t\t\t<h2 class=\"elementor-heading-title elementor-size-default\">Aviso legal<\/h2>\t\t\t\t<\/div>\n\t\t\t\t<\/div>\n\t\t\t\t<div class=\"elementor-element elementor-element-8750e1b elementor-widget elementor-widget-text-editor\" data-id=\"8750e1b\" data-element_type=\"widget\" data-e-type=\"widget\" data-widget_type=\"text-editor.default\">\n\t\t\t\t<div class=\"elementor-widget-container\">\n\t\t\t\t\t\t\t\t\t<p>Con la finalidad de dar cumplimiento a las disposiciones recogidas en el art\u00edculo 10 de la Ley 34\/ 2002, de 11 de julio, de Servicios de la Sociedad de la Informaci\u00f3n y de Comercio Electr\u00f3nico, les facilitamos los siguientes datos de informaci\u00f3n general:<\/p><p><strong><span style=\"color: #000000;\">Nombre o denominaci\u00f3n social:<\/span><\/strong> MARTA CA\u00d1ERO P\u00c9REZ<br \/><strong>Domicilio social:<\/strong> C\/Alboc\u00e0sser, 14, bajo 2, CP 46020 Valencia<br \/><strong>N\u00aa de colegiado: <\/strong>CV13814<br \/><strong>N.I.F.:<\/strong> 21694391D<br \/><strong>Tel\u00e9fono:<\/strong> 609694138<br \/><strong>E-mail:<\/strong> <a href=\"mailto:ka****@****************ia.com\" data-original-string=\"V6AU9LudB1I2IrX3U5QC3g==62aedbo1ONvxP6okRfVX5x4Y7Z\/s3s7UkWxmasIFeakU2M=\" title=\"This contact has been encoded by Anti-Spam by CleanTalk. Click to decode. To finish the decoding make sure that JavaScript is enabled in your browser.\"><span \n                data-original-string='u0l119o2KeHFm7awd3fpuA==62auAfjWFJH8hmPrzoK26oHiwSBAQ2uLLWOrwpPt9GQcRI='\n                class='apbct-email-encoder'\n                title='This contact has been encoded by Anti-Spam by CleanTalk. Click to decode. To finish the decoding make sure that JavaScript is enabled in your browser.'>ka<span class=\"apbct-blur\">****<\/span>@<span class=\"apbct-blur\">****************<\/span>ia.com<\/span><\/a><\/p><h4><strong>Legislaci\u00f3n Aplicable<\/strong><strong>\u00a0<\/strong><\/h4><p>El presente Aviso Legal se rige en todos y cada uno de sus extremos por la ley espa\u00f1ola, renunciando expresamente las partes al fuero que les corresponda, y someti\u00e9ndose a los Juzgados de Valencia.<\/p><h4><strong>Propiedad Intelectual e Industrial<\/strong><strong>\u00a0<\/strong><\/h4><p>Todos los contenidos de la presente p\u00e1gina web, incluyendo sin car\u00e1cter limitativo, textos, gr\u00e1ficos, im\u00e1genes, su dise\u00f1o y los derechos de propiedad intelectual que pudieran corresponder a dichos contenidos, as\u00ed como todas las marcas, nombres comerciales o cualquier otro signo distintivo son propiedad de esta entidad, quedando reservados todos los derechos sobre los mismos.<\/p><p>Queda prohibido cualquier acto de reproducci\u00f3n de los contenidos, en todo o en parte, en cualquier forma o medio, sea mec\u00e1nico, electr\u00f3nico, reprogr\u00e1fico u otro, as\u00ed como cualquier acto de difusi\u00f3n, comunicaci\u00f3n p\u00fablica o distribuci\u00f3n, sin la previa autorizaci\u00f3n por escrito de esta entidad.<\/p><p>Esta entidad no ser\u00e1 responsable de los da\u00f1os o perjuicios que pudieran derivarse de la utilizaci\u00f3n de los contenidos por parte de los usuarios o de la infracci\u00f3n por parte de \u00e9stos de cualquier disposici\u00f3n legal vigente.<strong>\u00a0<\/strong><\/p><h4><strong>Enlaces<\/strong><strong>\u00a0<\/strong><\/h4><p>Esta entidad no asume ninguna responsabilidad sobre los enlaces externos que, en su caso, pudieran incluirse en el portal, ya que no tiene ning\u00fan tipo de control sobre los mismos, por lo que el usuario accede bajo su exclusiva responsabilidad al contenido y en las condiciones de uso que rijan en los mismos.<\/p><h4><strong>Redes Sociales<\/strong><strong>\u00a0<\/strong><\/h4><p>La informaci\u00f3n que recabamos por medio de las redes sociales a veces incluye informaci\u00f3n personal que se encuentra disponible online y para el p\u00fablico. Siempre nos aseguramos de que toda la informaci\u00f3n que utilizamos se encuentra atribuida a su fuente de forma correcta o se hace an\u00f3nima.<\/p><p>Es probable que estas redes sociales tengan sus propias pol\u00edticas de privacidad, mediante las cuales le explicar\u00e1n como utilizan y comparten su informaci\u00f3n personal. Le recomendamos revisar detenidamente las pol\u00edticas de privacidad antes de utilizar estas redes sociales para estar seguro de que est\u00e1 conforme con la forma en la que su informaci\u00f3n personal se recopila y comparte.<\/p><p>Esta entidad podr\u00e1 modificar o eliminar en cualquier momento y sin aviso previo los mensajes emitidos en el canal.<\/p><p>Esta entidad puede seguir a otros perfiles de la red social, sin que este hecho implique vinculaci\u00f3n de ning\u00fan tipo con ellos.<\/p><p>El uso de las redes sociales por parte de esta entidad como canal informativo no implica la aprobaci\u00f3n de la Pol\u00edtica de Privacidad del mismo.<\/p><p>Esta entidad no comunica ni comparte informaci\u00f3n personal de los usuarios que accedan a estos medios, adoptando todas las medidas de seguridad adecuadas que proporciona la red social.<\/p>\t\t\t\t\t\t\t\t<\/div>\n\t\t\t\t<\/div>\n\t\t\t\t\t<\/div>\n\t\t<\/div>\n\t\t\t\t\t<\/div>\n\t\t<\/section>\n\t\t\t\t<\/div>","protected":false},"excerpt":{"rendered":"<p>Aviso legal Con la finalidad de dar cumplimiento a las disposiciones recogidas en el art\u00edculo 10 de la Ley 34\/ 2002, de 11 de julio, de Servicios de la Sociedad de la Informaci\u00f3n y de Comercio Electr\u00f3nico, les facilitamos los siguientes datos de informaci\u00f3n general: Nombre o denominaci\u00f3n social: MARTA CA\u00d1ERO P\u00c9REZDomicilio social: C\/Alboc\u00e0sser, 14, bajo 2, CP 46020 ValenciaN\u00aa de colegiado: CV13814N.I.F.: 21694391DTel\u00e9fono: 609694138E-mail: ka****@****************ia.com Legislaci\u00f3n Aplicable\u00a0 El presente Aviso Legal se rige en todos y cada uno de [&hellip;]<\/p>\n","protected":false},"author":1,"featured_media":0,"parent":0,"menu_order":0,"comment_status":"closed","ping_status":"closed","template":"","meta":{"footnotes":""},"class_list":["post-3430","page","type-page","status-publish","hentry"],"_links":{"self":[{"href":"https:\/\/kairospsicoterapia.com\/en\/wp-json\/wp\/v2\/pages\/3430","targetHints":{"allow":["GET"]}}],"collection":[{"href":"https:\/\/kairospsicoterapia.com\/en\/wp-json\/wp\/v2\/pages"}],"about":[{"href":"https:\/\/kairospsicoterapia.com\/en\/wp-json\/wp\/v2\/types\/page"}],"author":[{"embeddable":true,"href":"https:\/\/kairospsicoterapia.com\/en\/wp-json\/wp\/v2\/users\/1"}],"replies":[{"embeddable":true,"href":"https:\/\/kairospsicoterapia.com\/en\/wp-json\/wp\/v2\/comments?post=3430"}],"version-history":[{"count":16,"href":"https:\/\/kairospsicoterapia.com\/en\/wp-json\/wp\/v2\/pages\/3430\/revisions"}],"predecessor-version":[{"id":3475,"href":"https:\/\/kairospsicoterapia.com\/en\/wp-json\/wp\/v2\/pages\/3430\/revisions\/3475"}],"wp:attachment":[{"href":"https:\/\/kairospsicoterapia.com\/en\/wp-json\/wp\/v2\/media?parent=3430"}],"curies":[{"name":"wp","href":"https:\/\/api.w.org\/{rel}","templated":true}]}}