{"id":3051,"date":"2021-07-30T07:16:53","date_gmt":"2021-07-30T07:16:53","guid":{"rendered":"https:\/\/kairospsicoterapia.com\/?page_id=3051"},"modified":"2021-08-03T17:47:11","modified_gmt":"2021-08-03T17:47:11","slug":"formacion","status":"publish","type":"page","link":"https:\/\/kairospsicoterapia.com\/en\/formacion\/","title":{"rendered":"Formaci\u00f3n"},"content":{"rendered":"<div data-elementor-type=\"wp-post\" data-elementor-id=\"3051\" class=\"elementor elementor-3051\">\n\t\t\t\t\t\t<section class=\"elementor-section elementor-top-section elementor-element elementor-element-361f3b8 elementor-section-full_width elementor-section-height-default elementor-section-height-default\" data-id=\"361f3b8\" data-element_type=\"section\" data-e-type=\"section\" data-settings=\"{&quot;background_background&quot;:&quot;classic&quot;}\">\n\t\t\t\t\t\t\t<div class=\"elementor-background-overlay\"><\/div>\n\t\t\t\t\t\t\t<div class=\"elementor-container elementor-column-gap-default\">\n\t\t\t\t\t<div class=\"elementor-column elementor-col-50 elementor-top-column elementor-element elementor-element-7ae11c9\" data-id=\"7ae11c9\" data-element_type=\"column\" data-e-type=\"column\" data-settings=\"{&quot;background_background&quot;:&quot;classic&quot;}\">\n\t\t\t<div class=\"elementor-widget-wrap elementor-element-populated\">\n\t\t\t\t\t\t<div class=\"elementor-element elementor-element-1597f408 section-align-center section-size-large subtitle-style-default elementor-widget elementor-widget-section-heading\" data-id=\"1597f408\" data-element_type=\"widget\" data-e-type=\"widget\" data-widget_type=\"section-heading.default\">\n\t\t\t\t<div class=\"elementor-widget-container\">\n\t\t\t\t\t<div class=\"section-heading headingstyle-subtitle\"><h5 class=\"entry-sub-title section-sub-title\">\u00c1REAS DE TRABAJO<\/h5><div class=\"section-title-wrapper\"><h2 class=\"entry-title section-title\">FORMACI\u00d3N<\/h2><\/div><div class=\"section-description clearfix\"><div class=\"section-description-inner\"><p>Como profesionales de la psicoterapia, estamos en continua formaci\u00f3n y aprendizaje, imprescindibles para poder ofrecer una buena atenci\u00f3n a las personas con las que trabajamos. Estoy segura de que t\u00fa tambi\u00e9n, as\u00ed que, desde este espacio, ofreceremos actividades formativas sobre tem\u00e1ticas de inter\u00e9s, siempre alrededor de la <b>Psicolog\u00eda Humanista<\/b>, la <b>Psicolog\u00eda Afirmativa LGTBIQ+<\/b> y la <b>Filosof\u00eda<\/b>.<\/p>\n<p><img decoding=\"async\" class=\"alignnone wp-image-3053 size-medium\" src=\"http:\/\/kairospsicoterapia.com\/wp-content\/uploads\/2021\/07\/FORMACION-150-300x300.png\" alt=\"\" width=\"145\" height=\"145\" srcset=\"https:\/\/kairospsicoterapia.com\/wp-content\/uploads\/2021\/07\/FORMACION-150-300x300.png 300w, https:\/\/kairospsicoterapia.com\/wp-content\/uploads\/2021\/07\/FORMACION-150-150x150.png 150w, https:\/\/kairospsicoterapia.com\/wp-content\/uploads\/2021\/07\/FORMACION-150-160x160.png 160w, https:\/\/kairospsicoterapia.com\/wp-content\/uploads\/2021\/07\/FORMACION-150-100x100.png 100w, https:\/\/kairospsicoterapia.com\/wp-content\/uploads\/2021\/07\/FORMACION-150.png 417w\" sizes=\"(max-width: 145px) 100vw, 145px\" \/><\/p>\n<\/div><\/div><div class=\"section-button\"><a  href=\"https:\/\/kairospsicoterapia.com\/en\/actividades\/\"><div class=\"mtheme-button\">AQU\u00cd TIENES NUESTRAS PR\u00d3XIMAS PROPUESTAS<\/div><\/a><\/div><\/div>\t\t\t\t<\/div>\n\t\t\t\t<\/div>\n\t\t\t\t\t<\/div>\n\t\t<\/div>\n\t\t\t\t<div class=\"elementor-column elementor-col-50 elementor-top-column elementor-element elementor-element-9f1276d\" data-id=\"9f1276d\" data-element_type=\"column\" data-e-type=\"column\" data-settings=\"{&quot;background_background&quot;:&quot;classic&quot;}\">\n\t\t\t<div class=\"elementor-widget-wrap\">\n\t\t\t\t\t\t\t<\/div>\n\t\t<\/div>\n\t\t\t\t\t<\/div>\n\t\t<\/section>\n\t\t\t\t<\/div>","protected":false},"excerpt":{"rendered":"<p>\u00c1REAS DE TRABAJO FORMACI\u00d3N Como profesionales de la psicoterapia, estamos en continua formaci\u00f3n y aprendizaje, imprescindibles para poder ofrecer una buena atenci\u00f3n a las personas con las que trabajamos. Estoy segura de que t\u00fa tambi\u00e9n, as\u00ed que, desde este espacio, ofreceremos actividades formativas sobre tem\u00e1ticas de inter\u00e9s, siempre alrededor de la Psicolog\u00eda Humanista, la Psicolog\u00eda Afirmativa LGTBIQ+ y la Filosof\u00eda. AQU\u00cd TIENES NUESTRAS PR\u00d3XIMAS PROPUESTAS<\/p>","protected":false},"author":1,"featured_media":0,"parent":0,"menu_order":0,"comment_status":"closed","ping_status":"closed","template":"","meta":{"footnotes":""},"class_list":["post-3051","page","type-page","status-publish","hentry"],"_links":{"self":[{"href":"https:\/\/kairospsicoterapia.com\/en\/wp-json\/wp\/v2\/pages\/3051","targetHints":{"allow":["GET"]}}],"collection":[{"href":"https:\/\/kairospsicoterapia.com\/en\/wp-json\/wp\/v2\/pages"}],"about":[{"href":"https:\/\/kairospsicoterapia.com\/en\/wp-json\/wp\/v2\/types\/page"}],"author":[{"embeddable":true,"href":"https:\/\/kairospsicoterapia.com\/en\/wp-json\/wp\/v2\/users\/1"}],"replies":[{"embeddable":true,"href":"https:\/\/kairospsicoterapia.com\/en\/wp-json\/wp\/v2\/comments?post=3051"}],"version-history":[{"count":16,"href":"https:\/\/kairospsicoterapia.com\/en\/wp-json\/wp\/v2\/pages\/3051\/revisions"}],"predecessor-version":[{"id":3293,"href":"https:\/\/kairospsicoterapia.com\/en\/wp-json\/wp\/v2\/pages\/3051\/revisions\/3293"}],"wp:attachment":[{"href":"https:\/\/kairospsicoterapia.com\/en\/wp-json\/wp\/v2\/media?parent=3051"}],"curies":[{"name":"wp","href":"https:\/\/api.w.org\/{rel}","templated":true}]}}