{"id":3020,"date":"2021-07-30T07:02:47","date_gmt":"2021-07-30T07:02:47","guid":{"rendered":"https:\/\/kairospsicoterapia.com\/?page_id=3020"},"modified":"2024-09-01T17:33:55","modified_gmt":"2024-09-01T15:33:55","slug":"supervision","status":"publish","type":"page","link":"https:\/\/kairospsicoterapia.com\/en\/supervision\/","title":{"rendered":"Supervisi\u00f3n"},"content":{"rendered":"<div data-elementor-type=\"wp-post\" data-elementor-id=\"3020\" class=\"elementor elementor-3020\">\n\t\t\t\t\t\t<section class=\"elementor-section elementor-top-section elementor-element elementor-element-361f3b8 elementor-section-boxed elementor-section-height-default elementor-section-height-default\" data-id=\"361f3b8\" data-element_type=\"section\" data-e-type=\"section\" data-settings=\"{&quot;background_background&quot;:&quot;classic&quot;}\">\n\t\t\t\t\t\t\t<div class=\"elementor-background-overlay\"><\/div>\n\t\t\t\t\t\t\t<div class=\"elementor-container elementor-column-gap-default\">\n\t\t\t\t\t<div class=\"elementor-column elementor-col-100 elementor-top-column elementor-element elementor-element-7ae11c9\" data-id=\"7ae11c9\" data-element_type=\"column\" data-e-type=\"column\">\n\t\t\t<div class=\"elementor-widget-wrap elementor-element-populated\">\n\t\t\t\t\t\t<div class=\"elementor-element elementor-element-1597f408 section-align-center section-size-large subtitle-style-default elementor-widget elementor-widget-section-heading\" data-id=\"1597f408\" data-element_type=\"widget\" data-e-type=\"widget\" data-widget_type=\"section-heading.default\">\n\t\t\t\t<div class=\"elementor-widget-container\">\n\t\t\t\t\t<div class=\"section-heading headingstyle-subtitle\"><h5 class=\"entry-sub-title section-sub-title\">\u00c1REAS DE TRABAJO<\/h5><div class=\"section-title-wrapper\"><h2 class=\"entry-title section-title\">SUPERVISI\u00d3N<\/h2><\/div><div class=\"section-description clearfix\"><div class=\"section-description-inner\"><p>Para que nuestra pr\u00e1ctica profesional sea de la mejor <b>calidad<\/b>, las personas que nos dedicamos a la psicoterapia tenemos la <b>responsabilidad<\/b> de estar al d\u00eda y dedicar tiempo, cuidado y cari\u00f1o al trabajo con cada una de las personas que atendemos. Por ello, es muy \u00fatil contar con espacios en los que poder <b>contrastar con otras profesionales<\/b> con m\u00e1s formaci\u00f3n y\/o experiencia, que puedan ofrecernos otro punto de vista y arrojar un poco de luz; sobre todo cuando nos enganchamos con alg\u00fan caso\u2026 \u00bfte suena?<\/p>\n<p><img decoding=\"async\" class=\"alignnone wp-image-2652 size-medium\" src=\"http:\/\/kairospsicoterapia.com\/wp-content\/uploads\/2021\/07\/SUPERVISION-TERAPEUTAS-150-300x300.png\" alt=\"\" width=\"145\" height=\"145\" srcset=\"https:\/\/kairospsicoterapia.com\/wp-content\/uploads\/2021\/07\/SUPERVISION-TERAPEUTAS-150-300x300.png 300w, https:\/\/kairospsicoterapia.com\/wp-content\/uploads\/2021\/07\/SUPERVISION-TERAPEUTAS-150-150x150.png 150w, https:\/\/kairospsicoterapia.com\/wp-content\/uploads\/2021\/07\/SUPERVISION-TERAPEUTAS-150-160x160.png 160w, https:\/\/kairospsicoterapia.com\/wp-content\/uploads\/2021\/07\/SUPERVISION-TERAPEUTAS-150-100x100.png 100w, https:\/\/kairospsicoterapia.com\/wp-content\/uploads\/2021\/07\/SUPERVISION-TERAPEUTAS-150.png 417w\" sizes=\"(max-width: 145px) 100vw, 145px\" \/><\/p>\n<\/div><\/div><\/div>\t\t\t\t<\/div>\n\t\t\t\t<\/div>\n\t\t\t\t\t<\/div>\n\t\t<\/div>\n\t\t\t\t\t<\/div>\n\t\t<\/section>\n\t\t\t\t<section class=\"elementor-section elementor-top-section elementor-element elementor-element-1a3d6b9 elementor-section-full_width elementor-section-height-default elementor-section-height-default\" data-id=\"1a3d6b9\" data-element_type=\"section\" data-e-type=\"section\" data-settings=\"{&quot;background_background&quot;:&quot;classic&quot;}\">\n\t\t\t\t\t\t\t<div class=\"elementor-background-overlay\"><\/div>\n\t\t\t\t\t\t\t<div class=\"elementor-container elementor-column-gap-default\">\n\t\t\t\t\t<div class=\"elementor-column elementor-col-50 elementor-top-column elementor-element elementor-element-72278ae\" data-id=\"72278ae\" data-element_type=\"column\" data-e-type=\"column\" data-settings=\"{&quot;background_background&quot;:&quot;classic&quot;}\">\n\t\t\t<div class=\"elementor-widget-wrap\">\n\t\t\t\t\t\t\t<\/div>\n\t\t<\/div>\n\t\t\t\t<div class=\"elementor-column elementor-col-50 elementor-top-column elementor-element elementor-element-cee5358\" data-id=\"cee5358\" data-element_type=\"column\" data-e-type=\"column\" data-settings=\"{&quot;background_background&quot;:&quot;classic&quot;}\">\n\t\t\t<div class=\"elementor-widget-wrap elementor-element-populated\">\n\t\t\t\t\t\t<div class=\"elementor-element elementor-element-daaae9a section-align-center section-size-large subtitle-style-default elementor-widget elementor-widget-section-heading\" data-id=\"daaae9a\" data-element_type=\"widget\" data-e-type=\"widget\" data-widget_type=\"section-heading.default\">\n\t\t\t\t<div class=\"elementor-widget-container\">\n\t\t\t\t\t<div class=\"section-heading headingstyle-subtitle\"><div class=\"section-title-wrapper\"><h2 class=\"entry-title section-title\"><\/h2><\/div><div class=\"section-description clearfix\"><div class=\"section-description-inner\"><p>Tanto si <b>est\u00e1s empezando<\/b> en el mundo de la psicoterapia como si necesitas <b>espacios de contraste<\/b> o tienes <b>consultas puntuales<\/b> vinculadas a la Psicoterapia Humanista o la Psicolog\u00eda Afirmativa LGTBIQA+, este es tu espacio.<\/p>\n<\/div><\/div><div class=\"section-button\"><a  href=\"https:\/\/kairospsicoterapia.com\/en\/contacto\/\"><div class=\"mtheme-button\">\u00bfTE INTERESA?<\/div><\/a><\/div><\/div>\t\t\t\t<\/div>\n\t\t\t\t<\/div>\n\t\t\t\t\t<\/div>\n\t\t<\/div>\n\t\t\t\t\t<\/div>\n\t\t<\/section>\n\t\t\t\t<\/div>","protected":false},"excerpt":{"rendered":"<p>\u00c1REAS DE TRABAJO SUPERVISI\u00d3N Para que nuestra pr\u00e1ctica profesional sea de la mejor calidad, las personas que nos dedicamos a la psicoterapia tenemos la responsabilidad de estar al d\u00eda y dedicar tiempo, cuidado y cari\u00f1o al trabajo con cada una de las personas que atendemos. Por ello, es muy \u00fatil contar con espacios en los que poder contrastar con otras profesionales con m\u00e1s formaci\u00f3n y\/o experiencia, que puedan ofrecernos otro punto de vista y arrojar un poco de luz; sobre [&hellip;]<\/p>\n","protected":false},"author":1,"featured_media":0,"parent":0,"menu_order":0,"comment_status":"closed","ping_status":"closed","template":"","meta":{"footnotes":""},"class_list":["post-3020","page","type-page","status-publish","hentry"],"_links":{"self":[{"href":"https:\/\/kairospsicoterapia.com\/en\/wp-json\/wp\/v2\/pages\/3020","targetHints":{"allow":["GET"]}}],"collection":[{"href":"https:\/\/kairospsicoterapia.com\/en\/wp-json\/wp\/v2\/pages"}],"about":[{"href":"https:\/\/kairospsicoterapia.com\/en\/wp-json\/wp\/v2\/types\/page"}],"author":[{"embeddable":true,"href":"https:\/\/kairospsicoterapia.com\/en\/wp-json\/wp\/v2\/users\/1"}],"replies":[{"embeddable":true,"href":"https:\/\/kairospsicoterapia.com\/en\/wp-json\/wp\/v2\/comments?post=3020"}],"version-history":[{"count":47,"href":"https:\/\/kairospsicoterapia.com\/en\/wp-json\/wp\/v2\/pages\/3020\/revisions"}],"predecessor-version":[{"id":3589,"href":"https:\/\/kairospsicoterapia.com\/en\/wp-json\/wp\/v2\/pages\/3020\/revisions\/3589"}],"wp:attachment":[{"href":"https:\/\/kairospsicoterapia.com\/en\/wp-json\/wp\/v2\/media?parent=3020"}],"curies":[{"name":"wp","href":"https:\/\/api.w.org\/{rel}","templated":true}]}}