{"id":2903,"date":"2021-07-27T23:13:41","date_gmt":"2021-07-27T23:13:41","guid":{"rendered":"https:\/\/kairospsicoterapia.com\/?page_id=2903"},"modified":"2021-08-03T17:46:32","modified_gmt":"2021-08-03T17:46:32","slug":"talleres-grupales","status":"publish","type":"page","link":"https:\/\/kairospsicoterapia.com\/en\/talleres-grupales\/","title":{"rendered":"Talleres grupales"},"content":{"rendered":"<div data-elementor-type=\"wp-post\" data-elementor-id=\"2903\" class=\"elementor elementor-2903\">\n\t\t\t\t\t\t<section class=\"elementor-section elementor-top-section elementor-element elementor-element-361f3b8 elementor-section-full_width elementor-section-height-default elementor-section-height-default\" data-id=\"361f3b8\" data-element_type=\"section\" data-e-type=\"section\" data-settings=\"{&quot;background_background&quot;:&quot;classic&quot;}\">\n\t\t\t\t\t\t\t<div class=\"elementor-background-overlay\"><\/div>\n\t\t\t\t\t\t\t<div class=\"elementor-container elementor-column-gap-default\">\n\t\t\t\t\t<div class=\"elementor-column elementor-col-50 elementor-top-column elementor-element elementor-element-5bf8b53\" data-id=\"5bf8b53\" data-element_type=\"column\" data-e-type=\"column\" data-settings=\"{&quot;background_background&quot;:&quot;classic&quot;}\">\n\t\t\t<div class=\"elementor-widget-wrap\">\n\t\t\t\t\t\t\t<\/div>\n\t\t<\/div>\n\t\t\t\t<div class=\"elementor-column elementor-col-50 elementor-top-column elementor-element elementor-element-7ae11c9\" data-id=\"7ae11c9\" data-element_type=\"column\" data-e-type=\"column\" data-settings=\"{&quot;background_background&quot;:&quot;classic&quot;}\">\n\t\t\t<div class=\"elementor-widget-wrap elementor-element-populated\">\n\t\t\t\t\t\t<div class=\"elementor-element elementor-element-1597f408 section-align-center section-size-large subtitle-style-default elementor-widget elementor-widget-section-heading\" data-id=\"1597f408\" data-element_type=\"widget\" data-e-type=\"widget\" data-widget_type=\"section-heading.default\">\n\t\t\t\t<div class=\"elementor-widget-container\">\n\t\t\t\t\t<div class=\"section-heading headingstyle-subtitle\"><h5 class=\"entry-sub-title section-sub-title\">\u00c1REAS DE TRABAJO<\/h5><div class=\"section-title-wrapper\"><h2 class=\"entry-title section-title\">TALLERES GRUPALES<\/h2><\/div><div class=\"section-description clearfix\"><div class=\"section-description-inner\"><p>Me apasiona el potencial del grupo como espacio terap\u00e9utico, por ello, a lo largo del a\u00f1o iremos proponiendo diferentes actividades, tanto <strong>talleres monogr\u00e1ficos<\/strong> como <strong>grupos terap\u00e9uticos<\/strong> con encuentros peri\u00f3dicos.<\/p>\n<p><img decoding=\"async\" class=\"alignnone wp-image-2648\" src=\"http:\/\/kairospsicoterapia.com\/wp-content\/uploads\/2021\/07\/TALLERES-150-300x300.png\" alt=\"\" width=\"145\" height=\"145\" srcset=\"https:\/\/kairospsicoterapia.com\/wp-content\/uploads\/2021\/07\/TALLERES-150-300x300.png 300w, https:\/\/kairospsicoterapia.com\/wp-content\/uploads\/2021\/07\/TALLERES-150-150x150.png 150w, https:\/\/kairospsicoterapia.com\/wp-content\/uploads\/2021\/07\/TALLERES-150-160x160.png 160w, https:\/\/kairospsicoterapia.com\/wp-content\/uploads\/2021\/07\/TALLERES-150-100x100.png 100w, https:\/\/kairospsicoterapia.com\/wp-content\/uploads\/2021\/07\/TALLERES-150.png 417w\" sizes=\"(max-width: 145px) 100vw, 145px\" \/><\/p>\n<\/div><\/div><div class=\"section-button\"><a  href=\"https:\/\/kairospsicoterapia.com\/en\/actividades\/\"><div class=\"mtheme-button\">\u00a1ECHA UN VISTAZO POR AQU\u00cd!<\/div><\/a><\/div><\/div>\t\t\t\t<\/div>\n\t\t\t\t<\/div>\n\t\t\t\t\t<\/div>\n\t\t<\/div>\n\t\t\t\t\t<\/div>\n\t\t<\/section>\n\t\t\t\t<\/div>","protected":false},"excerpt":{"rendered":"<p>\u00c1REAS DE TRABAJO TALLERES GRUPALES Me apasiona el potencial del grupo como espacio terap\u00e9utico, por ello, a lo largo del a\u00f1o iremos proponiendo diferentes actividades, tanto talleres monogr\u00e1ficos como grupos terap\u00e9uticos con encuentros peri\u00f3dicos. \u00a1ECHA UN VISTAZO POR AQU\u00cd!<\/p>","protected":false},"author":1,"featured_media":0,"parent":0,"menu_order":0,"comment_status":"closed","ping_status":"closed","template":"","meta":{"footnotes":""},"class_list":["post-2903","page","type-page","status-publish","hentry"],"_links":{"self":[{"href":"https:\/\/kairospsicoterapia.com\/en\/wp-json\/wp\/v2\/pages\/2903","targetHints":{"allow":["GET"]}}],"collection":[{"href":"https:\/\/kairospsicoterapia.com\/en\/wp-json\/wp\/v2\/pages"}],"about":[{"href":"https:\/\/kairospsicoterapia.com\/en\/wp-json\/wp\/v2\/types\/page"}],"author":[{"embeddable":true,"href":"https:\/\/kairospsicoterapia.com\/en\/wp-json\/wp\/v2\/users\/1"}],"replies":[{"embeddable":true,"href":"https:\/\/kairospsicoterapia.com\/en\/wp-json\/wp\/v2\/comments?post=2903"}],"version-history":[{"count":22,"href":"https:\/\/kairospsicoterapia.com\/en\/wp-json\/wp\/v2\/pages\/2903\/revisions"}],"predecessor-version":[{"id":3290,"href":"https:\/\/kairospsicoterapia.com\/en\/wp-json\/wp\/v2\/pages\/2903\/revisions\/3290"}],"wp:attachment":[{"href":"https:\/\/kairospsicoterapia.com\/en\/wp-json\/wp\/v2\/media?parent=2903"}],"curies":[{"name":"wp","href":"https:\/\/api.w.org\/{rel}","templated":true}]}}