{"id":2577,"date":"2021-07-14T21:47:39","date_gmt":"2021-07-14T21:47:39","guid":{"rendered":"https:\/\/kairospsicoterapia.com\/?page_id=2577"},"modified":"2024-09-01T17:45:06","modified_gmt":"2024-09-01T15:45:06","slug":"inicio","status":"publish","type":"page","link":"https:\/\/kairospsicoterapia.com\/en\/","title":{"rendered":"Inicio"},"content":{"rendered":"\t\t<div data-elementor-type=\"wp-page\" data-elementor-id=\"2577\" class=\"elementor elementor-2577\">\n\t\t\t\t\t\t<section class=\"elementor-section elementor-top-section elementor-element elementor-element-b3e9c07 elementor-section-full_width elementor-section-height-default elementor-section-height-default\" data-id=\"b3e9c07\" data-element_type=\"section\" data-e-type=\"section\">\n\t\t\t\t\t\t<div class=\"elementor-container elementor-column-gap-no\">\n\t\t\t\t\t<div class=\"elementor-column elementor-col-100 elementor-top-column elementor-element elementor-element-ff8cee8\" data-id=\"ff8cee8\" data-element_type=\"column\" data-e-type=\"column\">\n\t\t\t<div class=\"elementor-widget-wrap elementor-element-populated\">\n\t\t\t\t\t\t<div class=\"elementor-element elementor-element-302194f elementor-widget elementor-widget-wp-widget-rev-slider-widget\" data-id=\"302194f\" data-element_type=\"widget\" data-e-type=\"widget\" data-widget_type=\"wp-widget-rev-slider-widget.default\">\n\t\t\t\t<div class=\"elementor-widget-container\">\n\t\t\t\t\t\n\t\t\t<!-- START Onepage Hero3 REVOLUTION SLIDER 6.4.6 --><p class=\"rs-p-wp-fix\"><\/p>\n\t\t\t<rs-module-wrap id=\"rev_slider_8_1_wrapper\" data-source=\"gallery\" style=\"background:transparent;padding:0;\">\n\t\t\t\t<rs-module id=\"rev_slider_8_1\" style=\"\" data-version=\"6.4.6\">\n\t\t\t\t\t<rs-slides>\n\t\t\t\t\t\t<rs-slide data-key=\"rs-12\" data-title=\"Slide\" data-in=\"o:0;\" data-out=\"a:false;\">\n\t\t\t\t\t\t\t<img fetchpriority=\"high\" decoding=\"async\" src=\"\/\/kairospsicoterapia.com\/wp-content\/uploads\/2018\/10\/marta-kairos-psicoterapia-1.jpg\" title=\"marta-kairos-psicoterapia\" width=\"1920\" height=\"1280\" class=\"rev-slidebg tp-rs-img\" data-panzoom=\"d:40000;e:power3.out;ss:110;se:100;\" data-no-retina>\n<!--\n\t\t\t\t\t\t\t--><rs-layer\n\t\t\t\t\t\t\t\tid=\"slider-8-slide-12-layer-0\" \n\t\t\t\t\t\t\t\tdata-type=\"text\"\n\t\t\t\t\t\t\t\tdata-color=\"#000000\"\n\t\t\t\t\t\t\t\tdata-rsp_ch=\"on\"\n\t\t\t\t\t\t\t\tdata-xy=\"xo:921px,736px,517px,248px;yo:455px,220px,183px,67px;\"\n\t\t\t\t\t\t\t\tdata-text=\"w:normal;s:20,16,16,16;l:24,19,20,24;fw:300;a:right;\"\n\t\t\t\t\t\t\t\tdata-dim=\"w:298px,246px,243px,218px;h:182px,150px,160px,auto;minh:0px,none,none,none;\"\n\t\t\t\t\t\t\t\tdata-frame_1=\"x:1px,0px,0px,0px;st:2920;sp:3000;sR:2920;\"\n\t\t\t\t\t\t\t\tdata-frame_999=\"o:0;st:w;sR:3080;\"\n\t\t\t\t\t\t\t\tstyle=\"z-index:6;font-family:Open Sans Condensed;\"\n\t\t\t\t\t\t\t>Significa momento oportuno o adecuado, <b>es la experiencia de m\u00e1xima plenitud aqu\u00ed y ahora<\/b>, de conexi\u00f3n con lo que est\u00e1 sucediendo. Es la conjunci\u00f3n perfecta de espacio y tiempo para que suceda la acci\u00f3n, las palabras o el movimiento. \n\t\t\t\t\t\t\t<\/rs-layer><!--\n\n\t\t\t\t\t\t\t--><rs-layer\n\t\t\t\t\t\t\t\tid=\"slider-8-slide-12-layer-1\" \n\t\t\t\t\t\t\t\tdata-type=\"text\"\n\t\t\t\t\t\t\t\tdata-color=\"#000000\"\n\t\t\t\t\t\t\t\tdata-rsp_ch=\"on\"\n\t\t\t\t\t\t\t\tdata-xy=\"x:c;xo:474px,349px,262px,143px;y:m;yo:-64px,-235px,-361px,-331px;\"\n\t\t\t\t\t\t\t\tdata-text=\"s:120,120,100,70;l:120,120,100,70;ls:5px;fw:300;a:inherit;\"\n\t\t\t\t\t\t\t\tdata-frame_0=\"o:1;\"\n\t\t\t\t\t\t\t\tdata-frame_0_chars=\"d:10;o:0;\"\n\t\t\t\t\t\t\t\tdata-frame_1=\"e:Quad.easeIn;st:1640;sp:2370;sR:1640;\"\n\t\t\t\t\t\t\t\tdata-frame_1_chars=\"dir:middletoedge;d:10;\"\n\t\t\t\t\t\t\t\tdata-frame_999=\"o:0;st:w;sR:4390;\"\n\t\t\t\t\t\t\t\tstyle=\"z-index:5;font-family:Open Sans Condensed;\"\n\t\t\t\t\t\t\t>Kairos \n\t\t\t\t\t\t\t<\/rs-layer><!--\n\n\t\t\t\t\t\t\t--><rs-layer\n\t\t\t\t\t\t\t\tid=\"slider-8-slide-12-layer-2\" \n\t\t\t\t\t\t\t\tclass=\"rev-btn\"\n\t\t\t\t\t\t\t\tdata-type=\"button\"\n\t\t\t\t\t\t\t\tdata-color=\"#000000\"\n\t\t\t\t\t\t\t\tdata-rsp_ch=\"on\"\n\t\t\t\t\t\t\t\tdata-xy=\"xo:1051px,847px,631px,345px;yo:617px,342px,313px,244px;\"\n\t\t\t\t\t\t\t\tdata-text=\"w:normal;s:20,16,16,16;l:32,26,19,16;fw:300;a:center;\"\n\t\t\t\t\t\t\t\tdata-dim=\"w:166px,137px,132px,120px;h:32px,26px,19px,18px;minh:0px,none,none,none;\"\n\t\t\t\t\t\t\t\tdata-actions='id:kairos;o:click;a:scrollto;sp:1000ms;e:power1.inOut;'\n\t\t\t\t\t\t\t\tdata-padding=\"r:20,17,13,8;l:20,17,13,8;\"\n\t\t\t\t\t\t\t\tdata-border=\"boc:rgba(255,255,255,0.35);bow:1px,1px,1px,1px;bor:16px,16px,16px,16px;\"\n\t\t\t\t\t\t\t\tdata-frame_1=\"st:5910;sp:1960;sR:5910;\"\n\t\t\t\t\t\t\t\tdata-frame_999=\"o:0;st:w;sR:1130;\"\n\t\t\t\t\t\t\t\tdata-frame_hover=\"c:#fff;bgc:#bd0546;boc:rgba(255,255,255,0.75);bor:16px,16px,16px,16px;bow:1px,1px,1px,1px;\"\n\t\t\t\t\t\t\t\tstyle=\"z-index:7;background-color:rgba(255,255,255,1);font-family:Open Sans Condensed;\"\n\t\t\t\t\t\t\t>DESCUBRE KAIROS \n\t\t\t\t\t\t\t<\/rs-layer><!--\n-->\t\t\t\t\t\t<\/rs-slide>\n\t\t\t\t\t<\/rs-slides>\n\t\t\t\t<\/rs-module>\n\t\t\t\t<script type=\"text\/javascript\">\n\t\t\t\t\tsetREVStartSize({c: 'rev_slider_8_1',rl:[1240,1024,778,480],el:[868,768,960,720],gw:[1240,1024,778,480],gh:[868,768,960,720],type:'hero',justify:'',layout:'fullscreen',offsetContainer:'',offset:'',mh:\"0\"});\n\t\t\t\t\tvar\trevapi8,\n\t\t\t\t\t\ttpj;\n\t\t\t\t\tfunction revinit_revslider81() {\n\t\t\t\t\tjQuery(function() {\n\t\t\t\t\t\ttpj = jQuery;\n\t\t\t\t\t\trevapi8 = tpj(\"#rev_slider_8_1\");\n\t\t\t\t\t\tif(revapi8==undefined || revapi8.revolution == undefined){\n\t\t\t\t\t\t\trevslider_showDoubleJqueryError(\"rev_slider_8_1\");\n\t\t\t\t\t\t}else{\n\t\t\t\t\t\t\trevapi8.revolution({\n\t\t\t\t\t\t\t\tsliderType:\"hero\",\n\t\t\t\t\t\t\t\tDPR:\"dpr\",\n\t\t\t\t\t\t\t\tsliderLayout:\"fullscreen\",\n\t\t\t\t\t\t\t\tvisibilityLevels:\"1240,1024,778,480\",\n\t\t\t\t\t\t\t\tgridwidth:\"1240,1024,778,480\",\n\t\t\t\t\t\t\t\tgridheight:\"868,768,960,720\",\n\t\t\t\t\t\t\t\tspinner:\"spinner0\",\n\t\t\t\t\t\t\t\tperspective:600,\n\t\t\t\t\t\t\t\tperspectiveType:\"local\",\n\t\t\t\t\t\t\t\teditorheight:\"868,768,960,720\",\n\t\t\t\t\t\t\t\tresponsiveLevels:\"1240,1024,778,480\",\n\t\t\t\t\t\t\t\tprogressBar:{disableProgressBar:true},\n\t\t\t\t\t\t\t\tnavigation: {\n\t\t\t\t\t\t\t\t\tonHoverStop:false\n\t\t\t\t\t\t\t\t},\n\t\t\t\t\t\t\t\tfallbacks: {\n\t\t\t\t\t\t\t\t\tallowHTML5AutoPlayOnAndroid:true\n\t\t\t\t\t\t\t\t},\n\t\t\t\t\t\t\t});\n\t\t\t\t\t\t}\n\t\t\t\t\t\t\n\t\t\t\t\t});\n\t\t\t\t\t} \/\/ End of RevInitScript\n\t\t\t\tvar once_revslider81 = false;\n\t\t\t\tif (document.readyState === \"loading\") {document.addEventListener('readystatechange',function() { if((document.readyState === \"interactive\" || document.readyState === \"complete\") && !once_revslider81 ) { once_revslider81 = true; revinit_revslider81();}});} else {once_revslider81 = true; revinit_revslider81();}\n\t\t\t\t<\/script>\n\t\t\t<\/rs-module-wrap>\n\t\t\t<!-- END REVOLUTION SLIDER -->\n\t\t\t\t<\/div>\n\t\t\t\t<\/div>\n\t\t\t\t<div class=\"elementor-element elementor-element-f3f0fcb elementor-widget elementor-widget-menu-anchor\" data-id=\"f3f0fcb\" data-element_type=\"widget\" data-e-type=\"widget\" data-widget_type=\"menu-anchor.default\">\n\t\t\t\t<div class=\"elementor-widget-container\">\n\t\t\t\t\t\t\t<div class=\"elementor-menu-anchor\" id=\"servicios\"><\/div>\n\t\t\t\t\t\t<\/div>\n\t\t\t\t<\/div>\n\t\t\t\t\t<\/div>\n\t\t<\/div>\n\t\t\t\t\t<\/div>\n\t\t<\/section>\n\t\t\t\t<section class=\"elementor-section elementor-top-section elementor-element elementor-element-e67ff9c elementor-section-full_width elementor-section-stretched elementor-section-height-default elementor-section-height-default\" data-id=\"e67ff9c\" data-element_type=\"section\" data-e-type=\"section\" id=\"kairos\" data-settings=\"{&quot;stretch_section&quot;:&quot;section-stretched&quot;}\">\n\t\t\t\t\t\t<div class=\"elementor-container elementor-column-gap-default\">\n\t\t\t\t\t<div class=\"elementor-column elementor-col-20 elementor-top-column elementor-element elementor-element-b4e7ee6\" data-id=\"b4e7ee6\" data-element_type=\"column\" data-e-type=\"column\">\n\t\t\t<div class=\"elementor-widget-wrap elementor-element-populated\">\n\t\t\t\t\t\t<div class=\"elementor-element elementor-element-410e86f elementor-widget elementor-widget-image\" data-id=\"410e86f\" data-element_type=\"widget\" data-e-type=\"widget\" data-widget_type=\"image.default\">\n\t\t\t\t<div class=\"elementor-widget-container\">\n\t\t\t\t\t\t\t\t\t\t\t\t\t\t\t\t<a href=\"\/sobre-mi\/\">\n\t\t\t\t\t\t\t<img decoding=\"async\" width=\"150\" height=\"150\" src=\"https:\/\/kairospsicoterapia.com\/wp-content\/uploads\/2021\/07\/MARTA-150-150x150.png\" class=\"attachment-thumbnail size-thumbnail wp-image-2698\" alt=\"\" srcset=\"https:\/\/kairospsicoterapia.com\/wp-content\/uploads\/2021\/07\/MARTA-150-150x150.png 150w, https:\/\/kairospsicoterapia.com\/wp-content\/uploads\/2021\/07\/MARTA-150-300x300.png 300w, https:\/\/kairospsicoterapia.com\/wp-content\/uploads\/2021\/07\/MARTA-150-160x160.png 160w, https:\/\/kairospsicoterapia.com\/wp-content\/uploads\/2021\/07\/MARTA-150-100x100.png 100w, https:\/\/kairospsicoterapia.com\/wp-content\/uploads\/2021\/07\/MARTA-150.png 417w\" sizes=\"(max-width: 150px) 100vw, 150px\" \/>\t\t\t\t\t\t\t\t<\/a>\n\t\t\t\t\t\t\t\t\t\t\t\t\t\t\t<\/div>\n\t\t\t\t<\/div>\n\t\t\t\t<div class=\"elementor-element elementor-element-7409fbd elementor-widget elementor-widget-heading\" data-id=\"7409fbd\" data-element_type=\"widget\" data-e-type=\"widget\" data-widget_type=\"heading.default\">\n\t\t\t\t<div class=\"elementor-widget-container\">\n\t\t\t\t\t<h3 class=\"elementor-heading-title elementor-size-large\"><a href=\"\/sobre-mi\/\">sobre m\u00ed<\/a><\/h3>\t\t\t\t<\/div>\n\t\t\t\t<\/div>\n\t\t\t\t\t<\/div>\n\t\t<\/div>\n\t\t\t\t<div class=\"elementor-column elementor-col-20 elementor-top-column elementor-element elementor-element-b1c9be1\" data-id=\"b1c9be1\" data-element_type=\"column\" data-e-type=\"column\">\n\t\t\t<div class=\"elementor-widget-wrap elementor-element-populated\">\n\t\t\t\t\t\t<div class=\"elementor-element elementor-element-c9de6e1 elementor-widget elementor-widget-image\" data-id=\"c9de6e1\" data-element_type=\"widget\" data-e-type=\"widget\" data-widget_type=\"image.default\">\n\t\t\t\t<div class=\"elementor-widget-container\">\n\t\t\t\t\t\t\t\t\t\t\t\t\t\t\t\t<a href=\"\/psicoterapia\/\">\n\t\t\t\t\t\t\t<img decoding=\"async\" width=\"150\" height=\"150\" src=\"https:\/\/kairospsicoterapia.com\/wp-content\/uploads\/2021\/07\/PSICOTERAPIA-150-150x150.png\" class=\"attachment-thumbnail size-thumbnail wp-image-2605\" alt=\"\" srcset=\"https:\/\/kairospsicoterapia.com\/wp-content\/uploads\/2021\/07\/PSICOTERAPIA-150-150x150.png 150w, https:\/\/kairospsicoterapia.com\/wp-content\/uploads\/2021\/07\/PSICOTERAPIA-150-300x300.png 300w, https:\/\/kairospsicoterapia.com\/wp-content\/uploads\/2021\/07\/PSICOTERAPIA-150-160x160.png 160w, https:\/\/kairospsicoterapia.com\/wp-content\/uploads\/2021\/07\/PSICOTERAPIA-150-100x100.png 100w, https:\/\/kairospsicoterapia.com\/wp-content\/uploads\/2021\/07\/PSICOTERAPIA-150.png 417w\" sizes=\"(max-width: 150px) 100vw, 150px\" \/>\t\t\t\t\t\t\t\t<\/a>\n\t\t\t\t\t\t\t\t\t\t\t\t\t\t\t<\/div>\n\t\t\t\t<\/div>\n\t\t\t\t<div class=\"elementor-element elementor-element-ffcd1e7 elementor-widget elementor-widget-heading\" data-id=\"ffcd1e7\" data-element_type=\"widget\" data-e-type=\"widget\" data-widget_type=\"heading.default\">\n\t\t\t\t<div class=\"elementor-widget-container\">\n\t\t\t\t\t<h3 class=\"elementor-heading-title elementor-size-large\"><a href=\"\/psicoterapia\/\">psicoterapia<\/a><\/h3>\t\t\t\t<\/div>\n\t\t\t\t<\/div>\n\t\t\t\t\t<\/div>\n\t\t<\/div>\n\t\t\t\t<div class=\"elementor-column elementor-col-20 elementor-top-column elementor-element elementor-element-9896e12\" data-id=\"9896e12\" data-element_type=\"column\" data-e-type=\"column\">\n\t\t\t<div class=\"elementor-widget-wrap elementor-element-populated\">\n\t\t\t\t\t\t<div class=\"elementor-element elementor-element-573635a elementor-widget elementor-widget-image\" data-id=\"573635a\" data-element_type=\"widget\" data-e-type=\"widget\" data-widget_type=\"image.default\">\n\t\t\t\t<div class=\"elementor-widget-container\">\n\t\t\t\t\t\t\t\t\t\t\t\t\t\t\t\t<a href=\"\/supervision\/\">\n\t\t\t\t\t\t\t<img loading=\"lazy\" decoding=\"async\" width=\"150\" height=\"150\" src=\"https:\/\/kairospsicoterapia.com\/wp-content\/uploads\/2021\/07\/SUPERVISION-TERAPEUTAS-150-150x150.png\" class=\"attachment-thumbnail size-thumbnail wp-image-2652\" alt=\"\" srcset=\"https:\/\/kairospsicoterapia.com\/wp-content\/uploads\/2021\/07\/SUPERVISION-TERAPEUTAS-150-150x150.png 150w, https:\/\/kairospsicoterapia.com\/wp-content\/uploads\/2021\/07\/SUPERVISION-TERAPEUTAS-150-300x300.png 300w, https:\/\/kairospsicoterapia.com\/wp-content\/uploads\/2021\/07\/SUPERVISION-TERAPEUTAS-150-160x160.png 160w, https:\/\/kairospsicoterapia.com\/wp-content\/uploads\/2021\/07\/SUPERVISION-TERAPEUTAS-150-100x100.png 100w, https:\/\/kairospsicoterapia.com\/wp-content\/uploads\/2021\/07\/SUPERVISION-TERAPEUTAS-150.png 417w\" sizes=\"(max-width: 150px) 100vw, 150px\" \/>\t\t\t\t\t\t\t\t<\/a>\n\t\t\t\t\t\t\t\t\t\t\t\t\t\t\t<\/div>\n\t\t\t\t<\/div>\n\t\t\t\t<div class=\"elementor-element elementor-element-370f0a6 elementor-widget elementor-widget-heading\" data-id=\"370f0a6\" data-element_type=\"widget\" data-e-type=\"widget\" data-widget_type=\"heading.default\">\n\t\t\t\t<div class=\"elementor-widget-container\">\n\t\t\t\t\t<h3 class=\"elementor-heading-title elementor-size-large\"><a href=\"\/supervision\/\">supervisi\u00f3n<br>\nterapeutas<\/a><\/h3>\t\t\t\t<\/div>\n\t\t\t\t<\/div>\n\t\t\t\t\t<\/div>\n\t\t<\/div>\n\t\t\t\t<div class=\"elementor-column elementor-col-20 elementor-top-column elementor-element elementor-element-02b6018\" data-id=\"02b6018\" data-element_type=\"column\" data-e-type=\"column\">\n\t\t\t<div class=\"elementor-widget-wrap elementor-element-populated\">\n\t\t\t\t\t\t<div class=\"elementor-element elementor-element-38089a1 elementor-widget elementor-widget-image\" data-id=\"38089a1\" data-element_type=\"widget\" data-e-type=\"widget\" data-widget_type=\"image.default\">\n\t\t\t\t<div class=\"elementor-widget-container\">\n\t\t\t\t\t\t\t\t\t\t\t\t\t\t\t\t<a href=\"\/formacion\/\">\n\t\t\t\t\t\t\t<img loading=\"lazy\" decoding=\"async\" width=\"150\" height=\"150\" src=\"https:\/\/kairospsicoterapia.com\/wp-content\/uploads\/2021\/07\/FORMACION-150-150x150.png\" class=\"attachment-thumbnail size-thumbnail wp-image-3053\" alt=\"\" srcset=\"https:\/\/kairospsicoterapia.com\/wp-content\/uploads\/2021\/07\/FORMACION-150-150x150.png 150w, https:\/\/kairospsicoterapia.com\/wp-content\/uploads\/2021\/07\/FORMACION-150-300x300.png 300w, https:\/\/kairospsicoterapia.com\/wp-content\/uploads\/2021\/07\/FORMACION-150-160x160.png 160w, https:\/\/kairospsicoterapia.com\/wp-content\/uploads\/2021\/07\/FORMACION-150-100x100.png 100w, https:\/\/kairospsicoterapia.com\/wp-content\/uploads\/2021\/07\/FORMACION-150.png 417w\" sizes=\"(max-width: 150px) 100vw, 150px\" \/>\t\t\t\t\t\t\t\t<\/a>\n\t\t\t\t\t\t\t\t\t\t\t\t\t\t\t<\/div>\n\t\t\t\t<\/div>\n\t\t\t\t<div class=\"elementor-element elementor-element-545dc6d elementor-widget elementor-widget-heading\" data-id=\"545dc6d\" data-element_type=\"widget\" data-e-type=\"widget\" data-widget_type=\"heading.default\">\n\t\t\t\t<div class=\"elementor-widget-container\">\n\t\t\t\t\t<h3 class=\"elementor-heading-title elementor-size-large\"><a href=\"\/formacion\/\">formaci\u00f3n<\/a><\/h3>\t\t\t\t<\/div>\n\t\t\t\t<\/div>\n\t\t\t\t\t<\/div>\n\t\t<\/div>\n\t\t\t\t<div class=\"elementor-column elementor-col-20 elementor-top-column elementor-element elementor-element-1e2d399\" data-id=\"1e2d399\" data-element_type=\"column\" data-e-type=\"column\">\n\t\t\t<div class=\"elementor-widget-wrap elementor-element-populated\">\n\t\t\t\t\t\t<div class=\"elementor-element elementor-element-827ce81 elementor-widget elementor-widget-image\" data-id=\"827ce81\" data-element_type=\"widget\" data-e-type=\"widget\" data-widget_type=\"image.default\">\n\t\t\t\t<div class=\"elementor-widget-container\">\n\t\t\t\t\t\t\t\t\t\t\t\t\t\t\t\t<a href=\"\/talleres\/\">\n\t\t\t\t\t\t\t<img loading=\"lazy\" decoding=\"async\" width=\"150\" height=\"150\" src=\"https:\/\/kairospsicoterapia.com\/wp-content\/uploads\/2021\/07\/TALLERES-150-150x150.png\" class=\"attachment-thumbnail size-thumbnail wp-image-2648\" alt=\"\" srcset=\"https:\/\/kairospsicoterapia.com\/wp-content\/uploads\/2021\/07\/TALLERES-150-150x150.png 150w, https:\/\/kairospsicoterapia.com\/wp-content\/uploads\/2021\/07\/TALLERES-150-300x300.png 300w, https:\/\/kairospsicoterapia.com\/wp-content\/uploads\/2021\/07\/TALLERES-150-160x160.png 160w, https:\/\/kairospsicoterapia.com\/wp-content\/uploads\/2021\/07\/TALLERES-150-100x100.png 100w, https:\/\/kairospsicoterapia.com\/wp-content\/uploads\/2021\/07\/TALLERES-150.png 417w\" sizes=\"(max-width: 150px) 100vw, 150px\" \/>\t\t\t\t\t\t\t\t<\/a>\n\t\t\t\t\t\t\t\t\t\t\t\t\t\t\t<\/div>\n\t\t\t\t<\/div>\n\t\t\t\t<div class=\"elementor-element elementor-element-b49aaf0 elementor-widget elementor-widget-heading\" data-id=\"b49aaf0\" data-element_type=\"widget\" data-e-type=\"widget\" data-widget_type=\"heading.default\">\n\t\t\t\t<div class=\"elementor-widget-container\">\n\t\t\t\t\t<h3 class=\"elementor-heading-title elementor-size-large\"><a href=\"\/talleres\/\">talleres<\/a><\/h3>\t\t\t\t<\/div>\n\t\t\t\t<\/div>\n\t\t\t\t\t<\/div>\n\t\t<\/div>\n\t\t\t\t\t<\/div>\n\t\t<\/section>\n\t\t\t\t<\/div>\n\t\t","protected":false},"excerpt":{"rendered":"<p>sobre m\u00ed psicoterapia supervisi\u00f3n terapeutas formaci\u00f3n talleres<\/p>","protected":false},"author":1,"featured_media":0,"parent":0,"menu_order":0,"comment_status":"closed","ping_status":"closed","template":"elementor_header_footer","meta":{"footnotes":""},"class_list":["post-2577","page","type-page","status-publish","hentry"],"_links":{"self":[{"href":"https:\/\/kairospsicoterapia.com\/en\/wp-json\/wp\/v2\/pages\/2577","targetHints":{"allow":["GET"]}}],"collection":[{"href":"https:\/\/kairospsicoterapia.com\/en\/wp-json\/wp\/v2\/pages"}],"about":[{"href":"https:\/\/kairospsicoterapia.com\/en\/wp-json\/wp\/v2\/types\/page"}],"author":[{"embeddable":true,"href":"https:\/\/kairospsicoterapia.com\/en\/wp-json\/wp\/v2\/users\/1"}],"replies":[{"embeddable":true,"href":"https:\/\/kairospsicoterapia.com\/en\/wp-json\/wp\/v2\/comments?post=2577"}],"version-history":[{"count":122,"href":"https:\/\/kairospsicoterapia.com\/en\/wp-json\/wp\/v2\/pages\/2577\/revisions"}],"predecessor-version":[{"id":3592,"href":"https:\/\/kairospsicoterapia.com\/en\/wp-json\/wp\/v2\/pages\/2577\/revisions\/3592"}],"wp:attachment":[{"href":"https:\/\/kairospsicoterapia.com\/en\/wp-json\/wp\/v2\/media?parent=2577"}],"curies":[{"name":"wp","href":"https:\/\/api.w.org\/{rel}","templated":true}]}}