{"id":2226,"date":"2018-07-15T03:35:25","date_gmt":"2018-07-15T03:35:25","guid":{"rendered":"http:\/\/192.168.1.3\/wp\/kordex\/?page_id=34"},"modified":"2026-03-16T17:46:59","modified_gmt":"2026-03-16T16:46:59","slug":"sobre-mi","status":"publish","type":"page","link":"https:\/\/kairospsicoterapia.com\/en\/sobre-mi\/","title":{"rendered":"Sobre m\u00ed"},"content":{"rendered":"<div data-elementor-type=\"wp-post\" data-elementor-id=\"2226\" class=\"elementor elementor-2226\">\n\t\t\t\t\t\t<section class=\"jarallax lazyload elementor-section elementor-top-section elementor-element elementor-element-fe7d07 elementor-section-boxed elementor-section-height-default elementor-section-height-default\" data-jarallax=\"\" data-speed=\"0.75\" data-type=\"scroll\" data-parallax=\"scroll\" style=\"background-image:url(&quot;http:\/\/kairospsicoterapia.com\/wp-content\/uploads\/2021\/07\/bgsobre-mi2.jpg&quot;);\" data-image-src=\"http:\/\/kairospsicoterapia.com\/wp-content\/uploads\/2021\/07\/bgsobre-mi2.jpg\" data-id=\"fe7d07\" data-element_type=\"section\" data-e-type=\"section\" data-settings=\"{&quot;background_background&quot;:&quot;classic&quot;}\">\n\t\t\t\t\t\t\t<div class=\"elementor-background-overlay\"><\/div>\n\t\t\t\t\t\t\t<div class=\"elementor-container elementor-column-gap-default\">\n\t\t\t\t\t<div class=\"elementor-column elementor-col-100 elementor-top-column elementor-element elementor-element-c76be5d\" data-id=\"c76be5d\" data-element_type=\"column\" data-e-type=\"column\">\n\t\t\t<div class=\"elementor-widget-wrap\">\n\t\t\t\t\t\t\t<\/div>\n\t\t<\/div>\n\t\t\t\t\t<\/div>\n\t\t<\/section>\n\t\t\t\t<section class=\"elementor-section elementor-top-section elementor-element elementor-element-13950e2 elementor-section-boxed elementor-section-height-default elementor-section-height-default\" data-id=\"13950e2\" data-element_type=\"section\" data-e-type=\"section\">\n\t\t\t\t\t\t<div class=\"elementor-container elementor-column-gap-default\">\n\t\t\t\t\t<div class=\"elementor-column elementor-col-100 elementor-top-column elementor-element elementor-element-b0a3e21\" data-id=\"b0a3e21\" data-element_type=\"column\" data-e-type=\"column\">\n\t\t\t<div class=\"elementor-widget-wrap elementor-element-populated\">\n\t\t\t\t\t\t<div class=\"elementor-element elementor-element-3d7a583 elementor-widget elementor-widget-spacer\" data-id=\"3d7a583\" data-element_type=\"widget\" data-e-type=\"widget\" data-widget_type=\"spacer.default\">\n\t\t\t\t<div class=\"elementor-widget-container\">\n\t\t\t\t\t\t\t<div class=\"elementor-spacer\">\n\t\t\t<div class=\"elementor-spacer-inner\"><\/div>\n\t\t<\/div>\n\t\t\t\t\t\t<\/div>\n\t\t\t\t<\/div>\n\t\t\t\t\t<\/div>\n\t\t<\/div>\n\t\t\t\t\t<\/div>\n\t\t<\/section>\n\t\t\t\t<section class=\"elementor-section elementor-top-section elementor-element elementor-element-4eb0e75 elementor-section-boxed elementor-section-height-default elementor-section-height-default\" data-id=\"4eb0e75\" data-element_type=\"section\" data-e-type=\"section\">\n\t\t\t\t\t\t<div class=\"elementor-container elementor-column-gap-default\">\n\t\t\t\t\t<div class=\"elementor-column elementor-col-100 elementor-top-column elementor-element elementor-element-a82c855\" data-id=\"a82c855\" data-element_type=\"column\" data-e-type=\"column\">\n\t\t\t<div class=\"elementor-widget-wrap elementor-element-populated\">\n\t\t\t\t\t\t<div class=\"elementor-element elementor-element-d95ddda elementor-widget elementor-widget-spacer\" data-id=\"d95ddda\" data-element_type=\"widget\" data-e-type=\"widget\" data-widget_type=\"spacer.default\">\n\t\t\t\t<div class=\"elementor-widget-container\">\n\t\t\t\t\t\t\t<div class=\"elementor-spacer\">\n\t\t\t<div class=\"elementor-spacer-inner\"><\/div>\n\t\t<\/div>\n\t\t\t\t\t\t<\/div>\n\t\t\t\t<\/div>\n\t\t\t\t\t<\/div>\n\t\t<\/div>\n\t\t\t\t\t<\/div>\n\t\t<\/section>\n\t\t\t\t<section class=\"elementor-section elementor-top-section elementor-element elementor-element-9666b61 elementor-section-boxed elementor-section-height-default elementor-section-height-default\" data-id=\"9666b61\" data-element_type=\"section\" data-e-type=\"section\">\n\t\t\t\t\t\t<div class=\"elementor-container elementor-column-gap-default\">\n\t\t\t\t\t<div class=\"elementor-column elementor-col-100 elementor-top-column elementor-element elementor-element-e2e0909\" data-id=\"e2e0909\" data-element_type=\"column\" data-e-type=\"column\">\n\t\t\t<div class=\"elementor-widget-wrap elementor-element-populated\">\n\t\t\t\t\t\t<div class=\"elementor-element elementor-element-c848279 elementor-position-top elementor-widget elementor-widget-image-box\" data-id=\"c848279\" data-element_type=\"widget\" data-e-type=\"widget\" data-widget_type=\"image-box.default\">\n\t\t\t\t<div class=\"elementor-widget-container\">\n\t\t\t\t\t<div class=\"elementor-image-box-wrapper\"><figure class=\"elementor-image-box-img\"><img fetchpriority=\"high\" decoding=\"async\" width=\"800\" height=\"533\" src=\"https:\/\/kairospsicoterapia.com\/wp-content\/uploads\/2024\/10\/MG_3673-800x533.jpg\" class=\"attachment-blacksilver-gridblock-full-medium size-blacksilver-gridblock-full-medium wp-image-3617\" alt=\"\" srcset=\"https:\/\/kairospsicoterapia.com\/wp-content\/uploads\/2024\/10\/MG_3673-800x533.jpg 800w, https:\/\/kairospsicoterapia.com\/wp-content\/uploads\/2024\/10\/MG_3673-300x200.jpg 300w, https:\/\/kairospsicoterapia.com\/wp-content\/uploads\/2024\/10\/MG_3673-1024x682.jpg 1024w, https:\/\/kairospsicoterapia.com\/wp-content\/uploads\/2024\/10\/MG_3673-768x512.jpg 768w, https:\/\/kairospsicoterapia.com\/wp-content\/uploads\/2024\/10\/MG_3673-1536x1024.jpg 1536w, https:\/\/kairospsicoterapia.com\/wp-content\/uploads\/2024\/10\/MG_3673-1400x933.jpg 1400w, https:\/\/kairospsicoterapia.com\/wp-content\/uploads\/2024\/10\/MG_3673-600x400.jpg 600w, https:\/\/kairospsicoterapia.com\/wp-content\/uploads\/2024\/10\/MG_3673.jpg 2000w\" sizes=\"(max-width: 800px) 100vw, 800px\" \/><\/figure><div class=\"elementor-image-box-content\"><h3 class=\"elementor-image-box-title\">SOBRE M\u00cd<\/h3><p class=\"elementor-image-box-description\">Soy Marta,  doctora en Psicolog\u00eda, psic\u00f3loga general sanitaria (CV13814) y psicoterapeuta humanista. Soy inconformista, curiosa y tengo la capacidad de poner palabras a experiencias dif\u00edciles de definir. Me encantan los animales, la lectura y llevo un largo recorrido dentro de mi proceso de trabajo personal.<\/p><\/div><\/div>\t\t\t\t<\/div>\n\t\t\t\t<\/div>\n\t\t\t\t\t<\/div>\n\t\t<\/div>\n\t\t\t\t\t<\/div>\n\t\t<\/section>\n\t\t\t\t<section class=\"elementor-section elementor-top-section elementor-element elementor-element-e719b4e elementor-section-boxed elementor-section-height-default elementor-section-height-default\" data-id=\"e719b4e\" data-element_type=\"section\" data-e-type=\"section\">\n\t\t\t\t\t\t<div class=\"elementor-container elementor-column-gap-default\">\n\t\t\t\t\t<div class=\"elementor-column elementor-col-100 elementor-top-column elementor-element elementor-element-c53e629\" data-id=\"c53e629\" data-element_type=\"column\" data-e-type=\"column\">\n\t\t\t<div class=\"elementor-widget-wrap elementor-element-populated\">\n\t\t\t\t\t\t<div class=\"elementor-element elementor-element-3ae1ebf elementor-widget elementor-widget-text-editor\" data-id=\"3ae1ebf\" data-element_type=\"widget\" data-e-type=\"widget\" data-widget_type=\"text-editor.default\">\n\t\t\t\t<div class=\"elementor-widget-container\">\n\t\t\t\t\t\t\t\t\t<p style=\"text-align: center;\"><img decoding=\"async\" class=\"alignnone wp-image-2698 size-thumbnail\" src=\"http:\/\/kairospsicoterapia.com\/wp-content\/uploads\/2021\/07\/MARTA-150-150x150.png\" alt=\"\" width=\"150\" height=\"150\" srcset=\"https:\/\/kairospsicoterapia.com\/wp-content\/uploads\/2021\/07\/MARTA-150-150x150.png 150w, https:\/\/kairospsicoterapia.com\/wp-content\/uploads\/2021\/07\/MARTA-150-300x300.png 300w, https:\/\/kairospsicoterapia.com\/wp-content\/uploads\/2021\/07\/MARTA-150-160x160.png 160w, https:\/\/kairospsicoterapia.com\/wp-content\/uploads\/2021\/07\/MARTA-150-100x100.png 100w, https:\/\/kairospsicoterapia.com\/wp-content\/uploads\/2021\/07\/MARTA-150.png 417w\" sizes=\"(max-width: 150px) 100vw, 150px\" \/><\/p><p style=\"text-align: center;\">Decid\u00ed dedicarme a la <strong>Psicoterapia<\/strong> porque siempre me ha apasionado la complejidad del ser humano. Creo que cada persona tiene dentro de s\u00ed misma el potencial para desarrollarse y que quienes nos dedicamos a acompa\u00f1ar procesos terap\u00e9uticos tenemos como tarea <b>facilitar el contacto con ese potencial<\/b> y favorecer que se despliegue.<\/p>\t\t\t\t\t\t\t\t<\/div>\n\t\t\t\t<\/div>\n\t\t\t\t\t<\/div>\n\t\t<\/div>\n\t\t\t\t\t<\/div>\n\t\t<\/section>\n\t\t\t\t<section class=\"elementor-section elementor-top-section elementor-element elementor-element-e7af037 elementor-section-boxed elementor-section-height-default elementor-section-height-default\" data-id=\"e7af037\" data-element_type=\"section\" data-e-type=\"section\">\n\t\t\t\t\t\t<div class=\"elementor-container elementor-column-gap-default\">\n\t\t\t\t\t<div class=\"elementor-column elementor-col-100 elementor-top-column elementor-element elementor-element-d0602e2\" data-id=\"d0602e2\" data-element_type=\"column\" data-e-type=\"column\">\n\t\t\t<div class=\"elementor-widget-wrap elementor-element-populated\">\n\t\t\t\t\t\t<div class=\"elementor-element elementor-element-fc34462 service-box-view-default elementor-widget elementor-widget-service-box\" data-id=\"fc34462\" data-element_type=\"widget\" data-e-type=\"widget\" data-widget_type=\"service-box.default\">\n\t\t\t\t<div class=\"elementor-widget-container\">\n\t\t\t\t\t<div class=\"service-column none service-column-1 service-boxes-icon-with-title true alignicon-top alignicon-top-horizontal serviceboxes-horizontal clearfix\"> <div class=\"service-item none service-item-space\"><div class=\"service-item-inner service-icon-size-small\"><div class=\"service-icon\"><span class=\"icon-outer\"><i class=\"fontawesome in-circle  ion-transgender\"><\/i><\/span><\/div><div class=\"service-content\"><h4>Psicolog\u00eda Afirmativa LGTBIQ+<\/h4><div class=\"service-details\"><p> Llevo a\u00f1os trabajando e investigando sobre diversidad sexual, de g\u00e9nero y familiar y considero fundamental entender que la poblaci\u00f3n LGTBIQA+ tiene unas necesidades y demandas concretas, que son espec\u00edficas y requieren de una <b>mirada afirmativa<\/b> y una formaci\u00f3n especializada.<\/p>\n<p>Entre otras cosas, he trabajado como psic\u00f3loga en ORIENTA, la <b>Oficina Integral LGTBI de la Generalitat Valenciana<\/b> y participo en el Grupo de Trabajo en Psicolog\u00eda Afirmativa LGTBIQ+ del Colegio Oficial de Psicolog\u00eda de la Comunidad Valenciana. <\/p>\n<\/div><\/div><\/div><\/div> <\/div>\t\t\t\t<\/div>\n\t\t\t\t<\/div>\n\t\t\t\t\t<\/div>\n\t\t<\/div>\n\t\t\t\t\t<\/div>\n\t\t<\/section>\n\t\t\t\t<section class=\"elementor-section elementor-top-section elementor-element elementor-element-f94b1b4 elementor-section-boxed elementor-section-height-default elementor-section-height-default\" data-id=\"f94b1b4\" data-element_type=\"section\" data-e-type=\"section\">\n\t\t\t\t\t\t<div class=\"elementor-container elementor-column-gap-default\">\n\t\t\t\t\t<div class=\"elementor-column elementor-col-100 elementor-top-column elementor-element elementor-element-34289ea\" data-id=\"34289ea\" data-element_type=\"column\" data-e-type=\"column\">\n\t\t\t<div class=\"elementor-widget-wrap elementor-element-populated\">\n\t\t\t\t\t\t<div class=\"elementor-element elementor-element-df375cc service-box-view-default elementor-widget elementor-widget-service-box\" data-id=\"df375cc\" data-element_type=\"widget\" data-e-type=\"widget\" data-widget_type=\"service-box.default\">\n\t\t\t\t<div class=\"elementor-widget-container\">\n\t\t\t\t\t<div class=\"service-column none service-column-1 service-boxes-icon-with-title true alignicon-top alignicon-top-horizontal serviceboxes-horizontal clearfix\"> <div class=\"service-item none service-item-space\"><div class=\"service-item-inner service-icon-size-small\"><div class=\"service-icon\"><span class=\"icon-outer\"><i class=\"fontawesome in-circle  simpleicon-puzzle\"><\/i><\/span><\/div><div class=\"service-content\"><h4>Psicolog\u00eda Humanista<\/h4><div class=\"service-details\"><p> Eleg\u00ed el marco de la psicoterapia humanista, por la importancia que tiene para m\u00ed la <b>relaci\u00f3n terap\u00e9utica<\/b>, en un marco de <b>horizontalidad<\/b>, donde como profesional puedo contar con los conocimientos, pero la persona es la especialista en su propia vida. Adem\u00e1s, integro, como principios b\u00e1sicos en mi pr\u00e1ctica profesional la <b>responsabilidad, el respeto, la honestidad y el compromiso.<\/b> <\/p>\n<p>El a\u00f1o pasado abr\u00ed, junto a un compa\u00f1ero y amigo, <b>Marisma Psicolog\u00eda<\/b>, nuestro propio centro de psicoterapia en Valencia, algo que viv\u00eda como un sue\u00f1o lejano, pero que se ha podido materializar y me siento feliz y agradecida por ello. Aqu\u00ed es donde nos veremos si decides ponerte en contacto conmigo.  <\/p>\n<\/div><\/div><\/div><\/div> <\/div>\t\t\t\t<\/div>\n\t\t\t\t<\/div>\n\t\t\t\t\t<\/div>\n\t\t<\/div>\n\t\t\t\t\t<\/div>\n\t\t<\/section>\n\t\t\t\t<section class=\"elementor-section elementor-top-section elementor-element elementor-element-c380990 elementor-section-boxed elementor-section-height-default elementor-section-height-default\" data-id=\"c380990\" data-element_type=\"section\" data-e-type=\"section\">\n\t\t\t\t\t\t<div class=\"elementor-container elementor-column-gap-default\">\n\t\t\t\t\t<div class=\"elementor-column elementor-col-100 elementor-top-column elementor-element elementor-element-b3b65ae\" data-id=\"b3b65ae\" data-element_type=\"column\" data-e-type=\"column\">\n\t\t\t<div class=\"elementor-widget-wrap elementor-element-populated\">\n\t\t\t\t\t\t<div class=\"elementor-element elementor-element-021024b service-box-view-default elementor-widget elementor-widget-service-box\" data-id=\"021024b\" data-element_type=\"widget\" data-e-type=\"widget\" data-widget_type=\"service-box.default\">\n\t\t\t\t<div class=\"elementor-widget-container\">\n\t\t\t\t\t<div class=\"service-column none service-column-1 service-boxes-icon-with-title true alignicon-top alignicon-top-horizontal serviceboxes-horizontal clearfix\"> <div class=\"service-item none service-item-space\"><div class=\"service-item-inner service-icon-size-small\"><div class=\"service-icon\"><span class=\"icon-outer\"><i class=\"fontawesome in-circle  ion-ios-glasses-outline\"><\/i><\/span><\/div><div class=\"service-content\"><h4>Docencia<\/h4><div class=\"service-details\"><p> Combino la actividad como psicoterapeuta con la\u00a0pr\u00e1ctica docente; me apasiona ser facilitadora de talleres y formaciones, tanto en \u00e1mbito privado como en \u00e1mbito p\u00fablico. Entre las experiencias formativas m\u00e1s recientes, te puedo contar que soy tutora externa de Practicum del M\u00e1ster en Psicolog\u00eda General Sanitaria de la Universitat de Val\u00e8ncia,\u00a0docente del M\u00f3dulo en Diversidad Sexual y de G\u00e9nero\u00a0en el M\u00e1ster en Psicoterapia y Psicolog\u00eda Cl\u00ednica de la Universitat de Val\u00e8ncia, que he facilitado en varias ocasiones el Curso de Formaci\u00f3n en Habilidades Sociales para el Ejercicio del Control Oficial, en la Conselleria de Sanitat o que he impartido varias formaciones en \u00e1mbito p\u00fablico y privado sobre Delitos de Odio motivados por\u00a0LGTBIQ+fobia\u00a0y primeros auxilios psicol\u00f3gicos. <\/p>\n<\/div><\/div><\/div><\/div> <\/div>\t\t\t\t<\/div>\n\t\t\t\t<\/div>\n\t\t\t\t\t<\/div>\n\t\t<\/div>\n\t\t\t\t\t<\/div>\n\t\t<\/section>\n\t\t\t\t<\/div>","protected":false},"excerpt":{"rendered":"<p>SOBRE M\u00cd Soy Marta, doctora en Psicolog\u00eda, psic\u00f3loga general sanitaria (CV13814) y psicoterapeuta humanista. Soy inconformista, curiosa y tengo la capacidad de poner palabras a experiencias dif\u00edciles de definir. Me encantan los animales, la lectura y llevo un largo recorrido dentro de mi proceso de trabajo personal. Decid\u00ed dedicarme a la Psicoterapia porque siempre me ha apasionado la complejidad del ser humano. Creo que cada persona tiene dentro de s\u00ed misma el potencial para desarrollarse y que quienes nos dedicamos [&hellip;]<\/p>\n","protected":false},"author":1,"featured_media":0,"parent":0,"menu_order":0,"comment_status":"closed","ping_status":"closed","template":"","meta":{"footnotes":""},"class_list":["post-2226","page","type-page","status-publish","hentry"],"_links":{"self":[{"href":"https:\/\/kairospsicoterapia.com\/en\/wp-json\/wp\/v2\/pages\/2226","targetHints":{"allow":["GET"]}}],"collection":[{"href":"https:\/\/kairospsicoterapia.com\/en\/wp-json\/wp\/v2\/pages"}],"about":[{"href":"https:\/\/kairospsicoterapia.com\/en\/wp-json\/wp\/v2\/types\/page"}],"author":[{"embeddable":true,"href":"https:\/\/kairospsicoterapia.com\/en\/wp-json\/wp\/v2\/users\/1"}],"replies":[{"embeddable":true,"href":"https:\/\/kairospsicoterapia.com\/en\/wp-json\/wp\/v2\/comments?post=2226"}],"version-history":[{"count":124,"href":"https:\/\/kairospsicoterapia.com\/en\/wp-json\/wp\/v2\/pages\/2226\/revisions"}],"predecessor-version":[{"id":3640,"href":"https:\/\/kairospsicoterapia.com\/en\/wp-json\/wp\/v2\/pages\/2226\/revisions\/3640"}],"wp:attachment":[{"href":"https:\/\/kairospsicoterapia.com\/en\/wp-json\/wp\/v2\/media?parent=2226"}],"curies":[{"name":"wp","href":"https:\/\/api.w.org\/{rel}","templated":true}]}}