{"id":1994,"date":"2018-10-12T17:59:22","date_gmt":"2018-10-12T17:59:22","guid":{"rendered":"http:\/\/kordex.imaginem.co\/?page_id=1994"},"modified":"2024-09-01T17:32:23","modified_gmt":"2024-09-01T15:32:23","slug":"actividades","status":"publish","type":"page","link":"https:\/\/kairospsicoterapia.com\/en\/actividades\/","title":{"rendered":"Actividades"},"content":{"rendered":"<div data-elementor-type=\"wp-post\" data-elementor-id=\"1994\" class=\"elementor elementor-1994\">\n\t\t\t\t\t\t<section class=\"jarallax lazyload elementor-section elementor-top-section elementor-element elementor-element-0b9f257 elementor-section-height-full elementor-section-boxed elementor-section-height-default elementor-section-items-middle\" data-jarallax=\"\" data-speed=\"0.75\" data-type=\"scroll\" data-parallax=\"scroll\" style=\"background-image:url(&quot;https:\/\/kairospsicoterapia.com\/wp-content\/uploads\/2021\/07\/espacio-kairos-2-770x668.jpg&quot;);\" data-image-src=\"https:\/\/kairospsicoterapia.com\/wp-content\/uploads\/2021\/07\/espacio-kairos-2-770x668.jpg\" data-id=\"0b9f257\" data-element_type=\"section\" data-e-type=\"section\" data-settings=\"{&quot;background_background&quot;:&quot;classic&quot;}\">\n\t\t\t\t\t\t\t<div class=\"elementor-background-overlay\"><\/div>\n\t\t\t\t\t\t\t<div class=\"elementor-container elementor-column-gap-default\">\n\t\t\t\t\t<div class=\"elementor-column elementor-col-100 elementor-top-column elementor-element elementor-element-b182831\" data-id=\"b182831\" data-element_type=\"column\" data-e-type=\"column\">\n\t\t\t<div class=\"elementor-widget-wrap elementor-element-populated\">\n\t\t\t\t\t\t<div class=\"elementor-element elementor-element-68f58fa section-align-center section-size-large subtitle-style-default elementor-widget elementor-widget-section-heading\" data-id=\"68f58fa\" data-element_type=\"widget\" data-e-type=\"widget\" data-widget_type=\"section-heading.default\">\n\t\t\t\t<div class=\"elementor-widget-container\">\n\t\t\t\t\t<div class=\"section-heading headingstyle-subtitle\"><h5 class=\"entry-sub-title section-sub-title\">Eventos<\/h5><div class=\"section-title-wrapper\"><h2 class=\"entry-title section-title\">ACTIVIDADES<\/h2><\/div><div class=\"section-description clearfix\"><div class=\"section-description-inner\"><p>Aqu\u00ed tienes las <b>pr\u00f3ximas propuestas<\/b> de talleres, charlas, cursos, grupos regulares y encuentros de supervisi\u00f3n.<\/p>\n<\/div><\/div><div class=\"section-button\"><a  href=\"#eventsgallery\"><div class=\"mtheme-button\">VER EVENTOS<\/div><\/a><\/div><\/div>\t\t\t\t<\/div>\n\t\t\t\t<\/div>\n\t\t\t\t\t<\/div>\n\t\t<\/div>\n\t\t\t\t\t<\/div>\n\t\t<\/section>\n\t\t\t\t<section class=\"elementor-section elementor-top-section elementor-element elementor-element-f439511 elementor-section-boxed elementor-section-height-default elementor-section-height-default\" data-id=\"f439511\" data-element_type=\"section\" data-e-type=\"section\">\n\t\t\t\t\t\t<div class=\"elementor-container elementor-column-gap-wide\">\n\t\t\t\t\t<div class=\"elementor-column elementor-col-100 elementor-top-column elementor-element elementor-element-1839204\" data-id=\"1839204\" data-element_type=\"column\" data-e-type=\"column\">\n\t\t\t<div class=\"elementor-widget-wrap elementor-element-populated\">\n\t\t\t\t\t\t<div class=\"elementor-element elementor-element-893946a elementor-widget elementor-widget-menu-anchor\" data-id=\"893946a\" data-element_type=\"widget\" data-e-type=\"widget\" data-widget_type=\"menu-anchor.default\">\n\t\t\t\t<div class=\"elementor-widget-container\">\n\t\t\t\t\t\t\t<div class=\"elementor-menu-anchor\" id=\"eventsgallery\"><\/div>\n\t\t\t\t\t\t<\/div>\n\t\t\t\t<\/div>\n\t\t\t\t<div class=\"elementor-element elementor-element-5758389 elementor-widget elementor-widget-spacer\" data-id=\"5758389\" data-element_type=\"widget\" data-e-type=\"widget\" data-widget_type=\"spacer.default\">\n\t\t\t\t<div class=\"elementor-widget-container\">\n\t\t\t\t\t\t\t<div class=\"elementor-spacer\">\n\t\t\t<div class=\"elementor-spacer-inner\"><\/div>\n\t\t<\/div>\n\t\t\t\t\t\t<\/div>\n\t\t\t\t<\/div>\n\t\t\t\t<div class=\"elementor-element elementor-element-ce44f50 elementor-widget elementor-widget-events-grid\" data-id=\"ce44f50\" data-element_type=\"widget\" data-e-type=\"widget\" data-widget_type=\"events-grid.default\">\n\t\t\t\t<div class=\"elementor-widget-container\">\n\t\t\t\t\t<div class=\"gridblock-filter-select-wrap\"><div id=\"gridblock-filters\"><ul class=\"gridblock-filter-categories\"><li class=\"filter-all-control\"><a data-filter=\"*\" data-title=\"Todos\" href=\"#\"><span class=\"filter-seperator filter-seperator-all\"><\/span>Todos<\/a><\/li><li  class=\"filter-control filter-category-control filter-grupos-regulares filter-control-grupos-regulares\"><a data-filter=\".filter-43\" data-title=\"Grupos regulares\" href=\"#\"><span class=\"filter-seperator filter-seperator-main\"><\/span>Grupos regulares<\/a><\/li><li  class=\"filter-control filter-category-control filter-talleres filter-control-talleres\"><a data-filter=\".filter-24\" data-title=\"Talleres\" href=\"#\"><span class=\"filter-seperator filter-seperator-main\"><\/span>Talleres<\/a><\/li><\/ul><\/div><\/div><div class=\"portfolio-grid-container portfolio-gridblock-columns-wrap grid-has-events\"><div id=\"gridblock-container\" class=\"portfolio-gutter-spaced    boxtitle-active has-effect-zoom grid-style-wall-spaced gridblock-three clearfix\" data-columns=\"3\"><div class=\"gridblock-element grid-animate-display-all isotope-displayed gridblock-element-id-407 gridblock-element-order-1  gridblock-filterable filter-43\" data-portfolio=\"portfolio-407\" data-id=\"id-2\"><div class=\"gridblock-grid-element gridblock-element-inner\" data-portfolioid=\"407\"><div class=\"gridblock-background-hover\"><div class=\"mtheme-post-like-wrap\"><div class=\"mtheme-post-like\"><div class=\"post-link-count-wrap\" data-count_id=\"407\"><span class=\"post-like-count\">6<\/span><\/div><span class=\"vote-ready\" data-post_id=\"407\">\n\t\t\t\t\t<span class=\"mtheme-like like-vote-icon like-notvoted animation-standby animated\"><i class=\"vote-like-icon ion-ios-heart-outline\"><\/i><\/span>\n\t\t\t\t\t<\/span><\/div><\/div><a class=\"gridblock-sole-link\" href=\"https:\/\/kairospsicoterapia.com\/en\/actividad\/en-red-grupo-de-crecimiento-personal\/\"><div class=\"gridblock-links-wrap box-title-box-directlink\"><\/div><div class=\"boxtitle-hover\"><div class=\"work-details\"><h4>EN RED grupo de crecimiento personal<\/h4><p class=\"entry-content work-description\">Viernes de 18h a 20:30h<br>\r\nD\u00edas: 6 de octubre, 20 de octubre, 3 de noviembre, 17 de noviembre, 1 de diciembre, 15 de diciembre, 12 de enero, 26 de enero, 9 de febrero y 23 de febrero.<\/p><\/div><\/div><\/a><\/div><img decoding=\"async\" src=\"https:\/\/kairospsicoterapia.com\/wp-content\/themes\/blacksilver\/images\/placeholders\/placeholder-770x770.gif\" data-src=\"https:\/\/kairospsicoterapia.com\/wp-content\/uploads\/2018\/07\/grupo-red-1-770x770.jpg\" alt=\"\" class=\"displayed-image lazyload\"\/><\/div><\/div><div class=\"gridblock-element grid-animate-display-all isotope-displayed gridblock-element-id-3206 gridblock-element-order-2  gridblock-filterable filter-24\" data-portfolio=\"portfolio-3206\" data-id=\"id-3\"><div class=\"gridblock-grid-element gridblock-element-inner\" data-portfolioid=\"3206\"><div class=\"gridblock-background-hover\"><div class=\"mtheme-post-like-wrap\"><div class=\"mtheme-post-like\"><div class=\"post-link-count-wrap\" data-count_id=\"3206\"><span class=\"post-like-count\">7<\/span><\/div><span class=\"vote-ready\" data-post_id=\"3206\">\n\t\t\t\t\t<span class=\"mtheme-like like-vote-icon like-notvoted animation-standby animated\"><i class=\"vote-like-icon ion-ios-heart-outline\"><\/i><\/span>\n\t\t\t\t\t<\/span><\/div><\/div><a class=\"gridblock-sole-link\" href=\"https:\/\/kairospsicoterapia.com\/en\/actividad\/transitar_el_duelo\/\"><div class=\"gridblock-links-wrap box-title-box-directlink\"><\/div><div class=\"boxtitle-hover\"><div class=\"work-details\"><h4>Transitar el DUELO<\/h4><p class=\"entry-content work-description\">Horario: de 10h a 14h y de 16h a 20h<br>\r\nS\u00e1bado 5 de febrero<\/p><\/div><\/div><\/a><\/div><img decoding=\"async\" src=\"https:\/\/kairospsicoterapia.com\/wp-content\/themes\/blacksilver\/images\/placeholders\/placeholder-770x770.gif\" data-src=\"https:\/\/kairospsicoterapia.com\/wp-content\/uploads\/2021\/08\/Imagen1-1-750x770.jpg\" alt=\"\" class=\"displayed-image lazyload\"\/><\/div><\/div><div class=\"gridblock-element grid-animate-display-all isotope-displayed gridblock-element-id-3239 gridblock-element-order-3  gridblock-filterable filter-43\" data-portfolio=\"portfolio-3239\" data-id=\"id-4\"><div class=\"gridblock-grid-element gridblock-element-inner\" data-portfolioid=\"3239\"><div class=\"gridblock-background-hover\"><div class=\"mtheme-post-like-wrap\"><div class=\"mtheme-post-like\"><div class=\"post-link-count-wrap\" data-count_id=\"3239\"><span class=\"post-like-count\">5<\/span><\/div><span class=\"vote-ready\" data-post_id=\"3239\">\n\t\t\t\t\t<span class=\"mtheme-like like-vote-icon like-notvoted animation-standby animated\"><i class=\"vote-like-icon ion-ios-heart-outline\"><\/i><\/span>\n\t\t\t\t\t<\/span><\/div><\/div><a class=\"gridblock-sole-link\" href=\"https:\/\/kairospsicoterapia.com\/en\/actividad\/grupo-de-iniciacion-en-la-meditacion\/\"><div class=\"gridblock-links-wrap box-title-box-directlink\"><\/div><div class=\"boxtitle-hover\"><div class=\"work-details\"><h4>Grupo de iniciaci\u00f3n en la meditaci\u00f3n<\/h4><p class=\"entry-content work-description\">Lunes y mi\u00e9rcoles de 15h a 16h<\/p><\/div><\/div><\/a><\/div><img decoding=\"async\" src=\"https:\/\/kairospsicoterapia.com\/wp-content\/themes\/blacksilver\/images\/placeholders\/placeholder-770x770.gif\" data-src=\"https:\/\/kairospsicoterapia.com\/wp-content\/uploads\/2021\/08\/meditacion-grupo-770x770.jpg\" alt=\"\" class=\"displayed-image lazyload\"\/><\/div><\/div><div class=\"gridblock-element grid-animate-display-all isotope-displayed gridblock-element-id-3534 gridblock-element-order-4  gridblock-filterable filter-24\" data-portfolio=\"portfolio-3534\" data-id=\"id-5\"><div class=\"gridblock-grid-element gridblock-element-inner\" data-portfolioid=\"3534\"><div class=\"gridblock-background-hover\"><div class=\"mtheme-post-like-wrap\"><div class=\"mtheme-post-like\"><div class=\"post-link-count-wrap\" data-count_id=\"3534\"><span class=\"post-like-count\">6<\/span><\/div><span class=\"vote-ready\" data-post_id=\"3534\">\n\t\t\t\t\t<span class=\"mtheme-like like-vote-icon like-notvoted animation-standby animated\"><i class=\"vote-like-icon ion-ios-heart-outline\"><\/i><\/span>\n\t\t\t\t\t<\/span><\/div><\/div><a class=\"gridblock-sole-link\" href=\"https:\/\/kairospsicoterapia.com\/en\/actividad\/introduccion-al-eneagrama\/\"><div class=\"gridblock-links-wrap box-title-box-directlink\"><\/div><div class=\"boxtitle-hover\"><div class=\"work-details\"><h4>Introducci\u00f3n al Eneagrama<\/h4><p class=\"entry-content work-description\">Horario: de 9h a 14h<br>\r\nFechas: 13 de noviembre, 27 de noviembre y 4 de diciembre<\/p><\/div><\/div><\/a><\/div><img decoding=\"async\" src=\"https:\/\/kairospsicoterapia.com\/wp-content\/themes\/blacksilver\/images\/placeholders\/placeholder-770x770.gif\" data-src=\"https:\/\/kairospsicoterapia.com\/wp-content\/uploads\/2021\/12\/taller-eneagrama-1024x683-1-770x683.jpg\" alt=\"\" class=\"displayed-image lazyload\"\/><\/div><\/div><\/div><\/div>\t\t\t\t<\/div>\n\t\t\t\t<\/div>\n\t\t\t\t\t<\/div>\n\t\t<\/div>\n\t\t\t\t\t<\/div>\n\t\t<\/section>\n\t\t\t\t<\/div>","protected":false},"excerpt":{"rendered":"<p>Eventos ACTIVIDADES Aqu\u00ed tienes las pr\u00f3ximas propuestas de talleres, charlas, cursos, grupos regulares y encuentros de supervisi\u00f3n. VER EVENTOS Todos Grupos regulares Talleres 6 EN RED grupo de crecimiento personal Viernes de 18h a 20:30h D\u00edas: 6 de octubre, 20 de octubre, 3 de noviembre, 17 de noviembre, 1 de diciembre, 15 de diciembre, 12 de enero, 26 de enero, 9 de febrero y 23 de febrero. 7 Transitar el DUELO Horario: de 10h a 14h y de 16h a [&hellip;]<\/p>\n","protected":false},"author":1,"featured_media":0,"parent":0,"menu_order":0,"comment_status":"closed","ping_status":"closed","template":"","meta":{"footnotes":""},"class_list":["post-1994","page","type-page","status-publish","hentry"],"_links":{"self":[{"href":"https:\/\/kairospsicoterapia.com\/en\/wp-json\/wp\/v2\/pages\/1994","targetHints":{"allow":["GET"]}}],"collection":[{"href":"https:\/\/kairospsicoterapia.com\/en\/wp-json\/wp\/v2\/pages"}],"about":[{"href":"https:\/\/kairospsicoterapia.com\/en\/wp-json\/wp\/v2\/types\/page"}],"author":[{"embeddable":true,"href":"https:\/\/kairospsicoterapia.com\/en\/wp-json\/wp\/v2\/users\/1"}],"replies":[{"embeddable":true,"href":"https:\/\/kairospsicoterapia.com\/en\/wp-json\/wp\/v2\/comments?post=1994"}],"version-history":[{"count":33,"href":"https:\/\/kairospsicoterapia.com\/en\/wp-json\/wp\/v2\/pages\/1994\/revisions"}],"predecessor-version":[{"id":3586,"href":"https:\/\/kairospsicoterapia.com\/en\/wp-json\/wp\/v2\/pages\/1994\/revisions\/3586"}],"wp:attachment":[{"href":"https:\/\/kairospsicoterapia.com\/en\/wp-json\/wp\/v2\/media?parent=1994"}],"curies":[{"name":"wp","href":"https:\/\/api.w.org\/{rel}","templated":true}]}}